{"id":600,"date":"2023-05-25T16:11:51","date_gmt":"2023-05-25T14:11:51","guid":{"rendered":"https:\/\/www.clg-paul-langevin.ac-nice.fr\/?page_id=600"},"modified":"2023-05-30T13:23:50","modified_gmt":"2023-05-30T11:23:50","slug":"section-europeenne-espagnol","status":"publish","type":"page","link":"https:\/\/www.clg-paul-langevin.ac-nice.fr\/?page_id=600","title":{"rendered":"Section europ\u00e9enne Espagnol"},"content":{"rendered":"<p style=\"text-align: left;\"><a href=\"https:\/\/www.clg-paul-langevin.ac-nice.fr\/?attachment_id=687\" rel=\"attachment wp-att-687\"><img loading=\"lazy\" decoding=\"async\" class=\" wp-image-687 alignleft\" src=\"https:\/\/www.clg-paul-langevin.ac-nice.fr\/wp-content\/uploads\/sites\/148\/2023\/05\/hola-gros-plan-du-mot-bonjour-sens-dans-la-langue-espagnole-manuscrite-sur-un-tableau-blanc-167996773.webp\" alt=\"\" width=\"390\" height=\"260\" srcset=\"https:\/\/www.clg-paul-langevin.ac-nice.fr\/wp-content\/uploads\/sites\/148\/2023\/05\/hola-gros-plan-du-mot-bonjour-sens-dans-la-langue-espagnole-manuscrite-sur-un-tableau-blanc-167996773.webp 800w, https:\/\/www.clg-paul-langevin.ac-nice.fr\/wp-content\/uploads\/sites\/148\/2023\/05\/hola-gros-plan-du-mot-bonjour-sens-dans-la-langue-espagnole-manuscrite-sur-un-tableau-blanc-167996773-768x513.webp 768w\" sizes=\"auto, (max-width: 390px) 100vw, 390px\" \/><\/a><\/p>\n<p style=\"text-align: left;\"><span style=\"font-family: Arial, Helvetica, sans-serif;\">La section europ\u00e9enne est ouverte \u00e0 des <strong>\u00e9l\u00e8ves d\u00e9sireux d&rsquo;approfondir leur ma\u00eetrise de la langue espagnole.<\/strong><\/span><\/p>\n<p><span style=\"font-family: Arial, Helvetica, sans-serif;\">Les \u00e9l\u00e8ves s\u00e9lectionn\u00e9s (24) sont accueillis<strong> d\u00e8s la 4e<\/strong> et auront<strong> 2h de cours de langue vivante suppl\u00e9mentaires.<\/strong><\/span><\/p>\n<p><span style=\"font-family: Arial, Helvetica, sans-serif;\">Des&nbsp;<strong>activit\u00e9s culturelles et d&rsquo;\u00e9changes sont organis\u00e9es<\/strong>, visant \u00e0 faire acqu\u00e9rir aux \u00e9l\u00e8ves une connaissance approfondie de la culture des pays hispanophones.<\/span><\/p>\n<p><span style=\"font-family: Arial, Helvetica, sans-serif;\">Ce cursus s\u2019adresse \u00e0 des \u00e9l\u00e8ves d\u2019un <strong>bon niveau scolaire, travailleurs, motiv\u00e9s<\/strong> et d\u00e9sireux d&rsquo;approfondir leur ma\u00eetrise de la langue. Il commence au coll\u00e8ge, peut se poursuivre jusqu\u2019en terminale pour l&rsquo;obtention du <strong>dipl\u00f4me du baccalaur\u00e9at avec l&rsquo;indication \u00ab section europ\u00e9enne espagnole \u00bb&nbsp;<\/strong> et permet un acc\u00e8s privil\u00e9gi\u00e9 en <strong>section binationale du bachibac <\/strong>d\u00e8s la 2nde.<\/span><\/p>\n<p>&nbsp;<\/p>\n","protected":false},"excerpt":{"rendered":"<p>La section europ\u00e9enne est ouverte \u00e0 des \u00e9l\u00e8ves d\u00e9sireux d&rsquo;approfondir leur ma\u00eetrise de la langue espagnole. Les \u00e9l\u00e8ves s\u00e9lectionn\u00e9s (24)<\/p>\n","protected":false},"author":1089,"featured_media":0,"parent":0,"menu_order":0,"comment_status":"closed","ping_status":"closed","template":"","meta":{"colormag_page_container_layout":"default_layout","colormag_page_sidebar_layout":"default_layout","ngg_post_thumbnail":0,"footnotes":""},"class_list":["post-600","page","type-page","status-publish","hentry"],"_links":{"self":[{"href":"https:\/\/www.clg-paul-langevin.ac-nice.fr\/index.php?rest_route=\/wp\/v2\/pages\/600","targetHints":{"allow":["GET"]}}],"collection":[{"href":"https:\/\/www.clg-paul-langevin.ac-nice.fr\/index.php?rest_route=\/wp\/v2\/pages"}],"about":[{"href":"https:\/\/www.clg-paul-langevin.ac-nice.fr\/index.php?rest_route=\/wp\/v2\/types\/page"}],"author":[{"embeddable":true,"href":"https:\/\/www.clg-paul-langevin.ac-nice.fr\/index.php?rest_route=\/wp\/v2\/users\/1089"}],"replies":[{"embeddable":true,"href":"https:\/\/www.clg-paul-langevin.ac-nice.fr\/index.php?rest_route=%2Fwp%2Fv2%2Fcomments&post=600"}],"version-history":[{"count":8,"href":"https:\/\/www.clg-paul-langevin.ac-nice.fr\/index.php?rest_route=\/wp\/v2\/pages\/600\/revisions"}],"predecessor-version":[{"id":691,"href":"https:\/\/www.clg-paul-langevin.ac-nice.fr\/index.php?rest_route=\/wp\/v2\/pages\/600\/revisions\/691"}],"wp:attachment":[{"href":"https:\/\/www.clg-paul-langevin.ac-nice.fr\/index.php?rest_route=%2Fwp%2Fv2%2Fmedia&parent=600"}],"curies":[{"name":"wp","href":"https:\/\/api.w.org\/{rel}","templated":true}]}}