{"id":639,"date":"2023-05-25T16:19:27","date_gmt":"2023-05-25T14:19:27","guid":{"rendered":"https:\/\/www.clg-paul-langevin.ac-nice.fr\/?page_id=639"},"modified":"2023-07-05T12:54:19","modified_gmt":"2023-07-05T10:54:19","slug":"aides-aux-familles","status":"publish","type":"page","link":"https:\/\/www.clg-paul-langevin.ac-nice.fr\/?page_id=639","title":{"rendered":"Aides aux familles"},"content":{"rendered":"<p style=\"text-align: center;\">&nbsp;<\/p>\n<p><span style=\"font-family: Arial, Helvetica, sans-serif;\">Retrouvez ici un listing d\u00e9taill\u00e9 des diff\u00e9rentes aides financi\u00e8res auxquelles vous pouvez pr\u00e9tendre lorsque votre enfant entre au coll\u00e8ge.<\/span><\/p>\n<ul>\n<li style=\"list-style-type: none;\">&nbsp;<\/li>\n<\/ul>\n<p><span style=\"font-family: Arial, Helvetica, sans-serif;\">Toutes les aides disponibles au coll\u00e8ge pour les \u00e9l\u00e8ves et parents d\u2019\u00e9l\u00e8ves,&nbsp;<strong>mises \u00e0 jour r\u00e9guli\u00e8rement<\/strong>, sont disponibles sur le site :&nbsp;<\/span><\/p>\n<p style=\"text-align: center;\"><span style=\"font-family: Arial, Helvetica, sans-serif;\"><strong><a href=\"https:\/\/aide-finance.fr\/\">https:\/\/www.aide-finance.fr<\/a><\/strong><\/span><\/p>\n<p>&nbsp;<\/p>\n","protected":false},"excerpt":{"rendered":"<p>&nbsp; Retrouvez ici un listing d\u00e9taill\u00e9 des diff\u00e9rentes aides financi\u00e8res auxquelles vous pouvez pr\u00e9tendre lorsque votre enfant entre au coll\u00e8ge.<\/p>\n","protected":false},"author":1089,"featured_media":0,"parent":0,"menu_order":0,"comment_status":"closed","ping_status":"closed","template":"","meta":{"colormag_page_container_layout":"default_layout","colormag_page_sidebar_layout":"default_layout","ngg_post_thumbnail":0,"footnotes":""},"class_list":["post-639","page","type-page","status-publish","hentry"],"_links":{"self":[{"href":"https:\/\/www.clg-paul-langevin.ac-nice.fr\/index.php?rest_route=\/wp\/v2\/pages\/639","targetHints":{"allow":["GET"]}}],"collection":[{"href":"https:\/\/www.clg-paul-langevin.ac-nice.fr\/index.php?rest_route=\/wp\/v2\/pages"}],"about":[{"href":"https:\/\/www.clg-paul-langevin.ac-nice.fr\/index.php?rest_route=\/wp\/v2\/types\/page"}],"author":[{"embeddable":true,"href":"https:\/\/www.clg-paul-langevin.ac-nice.fr\/index.php?rest_route=\/wp\/v2\/users\/1089"}],"replies":[{"embeddable":true,"href":"https:\/\/www.clg-paul-langevin.ac-nice.fr\/index.php?rest_route=%2Fwp%2Fv2%2Fcomments&post=639"}],"version-history":[{"count":7,"href":"https:\/\/www.clg-paul-langevin.ac-nice.fr\/index.php?rest_route=\/wp\/v2\/pages\/639\/revisions"}],"predecessor-version":[{"id":815,"href":"https:\/\/www.clg-paul-langevin.ac-nice.fr\/index.php?rest_route=\/wp\/v2\/pages\/639\/revisions\/815"}],"wp:attachment":[{"href":"https:\/\/www.clg-paul-langevin.ac-nice.fr\/index.php?rest_route=%2Fwp%2Fv2%2Fmedia&parent=639"}],"curies":[{"name":"wp","href":"https:\/\/api.w.org\/{rel}","templated":true}]}}