{"id":648,"date":"2023-05-25T16:25:37","date_gmt":"2023-05-25T14:25:37","guid":{"rendered":"https:\/\/www.clg-paul-langevin.ac-nice.fr\/?page_id=648"},"modified":"2025-04-29T14:40:18","modified_gmt":"2025-04-29T12:40:18","slug":"champ-h-a-s","status":"publish","type":"page","link":"https:\/\/www.clg-paul-langevin.ac-nice.fr\/?page_id=648","title":{"rendered":"Champs Professionnel H.A.S."},"content":{"rendered":"<p><strong>Pr\u00e9sentation du champ professionnel \u00ab Hygi\u00e8ne-alimentation-services \u00bb&nbsp; &nbsp; &nbsp; &nbsp; &nbsp; &nbsp; &nbsp; &nbsp; &nbsp; &nbsp; &nbsp; &nbsp; &nbsp; &nbsp; &nbsp; &nbsp; &nbsp; &nbsp; &nbsp; &nbsp; &nbsp; &nbsp; &nbsp; &nbsp; &nbsp; &nbsp; &nbsp; &nbsp; &nbsp; &nbsp; &nbsp; &nbsp; &nbsp; &nbsp; &nbsp; &nbsp; &nbsp; &nbsp; &nbsp; &nbsp; &nbsp; &nbsp; &nbsp; &nbsp; &nbsp; &nbsp; &nbsp; &nbsp; &nbsp; &nbsp; &nbsp; &nbsp; &nbsp; &nbsp; &nbsp; &nbsp; &nbsp; &nbsp; &nbsp; &nbsp; &nbsp; &nbsp; &nbsp; &nbsp; &nbsp; &nbsp; &nbsp; &nbsp; &nbsp; &nbsp; &nbsp; &nbsp; &nbsp; &nbsp; &nbsp; &nbsp; &nbsp; Le champ professionnel \u00ab Hygi\u00e8ne \u2013 Alimentation \u2013 Services \u00bb couvre trois domaines d\u2019activit\u00e9s :<\/strong><\/p>\n<p>\u2022 la pr\u00e9paration et\/ou la distribution et\/ou la vente de produits culinaires<br \/>\n\u2022 l\u2019entretien des locaux et des \u00e9quipements<br \/>\n\u2022 l\u2019entretien du linge et des \u00e9quipements, travaux simples de couture<\/p>\n<p>Les trois domaines de ce champ professionnel permettent de pr\u00e9parer les \u00e9l\u00e8ves \u00e0 l\u2019entr\u00e9e en formation qualifiante \u00e0 des m\u00e9tiers offrant de multiples d\u00e9bouch\u00e9s gr\u00e2ce \u00e0 une grande diversit\u00e9 de dipl\u00f4mes de niveau V.<\/p>\n<p>Voici les photos de notre plateau technique :&nbsp;<\/p>\n<p><img loading=\"lazy\" decoding=\"async\" class=\"alignnone wp-image-998\" src=\"https:\/\/www.clg-paul-langevin.ac-nice.fr\/wp-content\/uploads\/sites\/148\/2023\/12\/IMG_0859-850x478.jpg\" alt=\"\" width=\"594\" height=\"334\" srcset=\"https:\/\/www.clg-paul-langevin.ac-nice.fr\/wp-content\/uploads\/sites\/148\/2023\/12\/IMG_0859-850x478.jpg 850w, https:\/\/www.clg-paul-langevin.ac-nice.fr\/wp-content\/uploads\/sites\/148\/2023\/12\/IMG_0859-1200x675.jpg 1200w, https:\/\/www.clg-paul-langevin.ac-nice.fr\/wp-content\/uploads\/sites\/148\/2023\/12\/IMG_0859-250x141.jpg 250w\" sizes=\"auto, (max-width: 594px) 100vw, 594px\" \/><\/p>\n<p><img loading=\"lazy\" decoding=\"async\" class=\"alignnone wp-image-999\" src=\"https:\/\/www.clg-paul-langevin.ac-nice.fr\/wp-content\/uploads\/sites\/148\/2023\/12\/IMG_0862-850x478.jpg\" alt=\"\" width=\"598\" height=\"336\" srcset=\"https:\/\/www.clg-paul-langevin.ac-nice.fr\/wp-content\/uploads\/sites\/148\/2023\/12\/IMG_0862-850x478.jpg 850w, https:\/\/www.clg-paul-langevin.ac-nice.fr\/wp-content\/uploads\/sites\/148\/2023\/12\/IMG_0862-1200x675.jpg 1200w, https:\/\/www.clg-paul-langevin.ac-nice.fr\/wp-content\/uploads\/sites\/148\/2023\/12\/IMG_0862-250x141.jpg 250w\" sizes=\"auto, (max-width: 598px) 100vw, 598px\" \/><\/p>\n<p><img loading=\"lazy\" decoding=\"async\" class=\"alignnone wp-image-1000\" src=\"https:\/\/www.clg-paul-langevin.ac-nice.fr\/wp-content\/uploads\/sites\/148\/2023\/12\/IMG_0863-850x478.jpg\" alt=\"\" width=\"600\" height=\"337\" srcset=\"https:\/\/www.clg-paul-langevin.ac-nice.fr\/wp-content\/uploads\/sites\/148\/2023\/12\/IMG_0863-850x478.jpg 850w, https:\/\/www.clg-paul-langevin.ac-nice.fr\/wp-content\/uploads\/sites\/148\/2023\/12\/IMG_0863-1200x675.jpg 1200w, https:\/\/www.clg-paul-langevin.ac-nice.fr\/wp-content\/uploads\/sites\/148\/2023\/12\/IMG_0863-250x141.jpg 250w\" sizes=\"auto, (max-width: 600px) 100vw, 600px\" \/><\/p>\n<p>&nbsp;<\/p>\n<p><img loading=\"lazy\" decoding=\"async\" class=\"alignnone wp-image-1002\" src=\"https:\/\/www.clg-paul-langevin.ac-nice.fr\/wp-content\/uploads\/sites\/148\/2023\/12\/IMG_0872-850x478.jpg\" alt=\"\" width=\"604\" height=\"340\" srcset=\"https:\/\/www.clg-paul-langevin.ac-nice.fr\/wp-content\/uploads\/sites\/148\/2023\/12\/IMG_0872-850x478.jpg 850w, https:\/\/www.clg-paul-langevin.ac-nice.fr\/wp-content\/uploads\/sites\/148\/2023\/12\/IMG_0872-1200x675.jpg 1200w, https:\/\/www.clg-paul-langevin.ac-nice.fr\/wp-content\/uploads\/sites\/148\/2023\/12\/IMG_0872-250x141.jpg 250w\" sizes=\"auto, (max-width: 604px) 100vw, 604px\" \/><\/p>\n<p><img loading=\"lazy\" decoding=\"async\" class=\"alignnone wp-image-1003\" src=\"https:\/\/www.clg-paul-langevin.ac-nice.fr\/wp-content\/uploads\/sites\/148\/2023\/12\/IMG_0873-850x478.jpg\" alt=\"\" width=\"606\" height=\"341\" srcset=\"https:\/\/www.clg-paul-langevin.ac-nice.fr\/wp-content\/uploads\/sites\/148\/2023\/12\/IMG_0873-850x478.jpg 850w, https:\/\/www.clg-paul-langevin.ac-nice.fr\/wp-content\/uploads\/sites\/148\/2023\/12\/IMG_0873-1200x675.jpg 1200w, https:\/\/www.clg-paul-langevin.ac-nice.fr\/wp-content\/uploads\/sites\/148\/2023\/12\/IMG_0873-250x141.jpg 250w\" sizes=\"auto, (max-width: 606px) 100vw, 606px\" \/><\/p>\n<p><img loading=\"lazy\" decoding=\"async\" class=\"alignnone wp-image-1004\" src=\"https:\/\/www.clg-paul-langevin.ac-nice.fr\/wp-content\/uploads\/sites\/148\/2023\/12\/IMG_0875-850x478.jpg\" alt=\"\" width=\"603\" height=\"339\" srcset=\"https:\/\/www.clg-paul-langevin.ac-nice.fr\/wp-content\/uploads\/sites\/148\/2023\/12\/IMG_0875-850x478.jpg 850w, https:\/\/www.clg-paul-langevin.ac-nice.fr\/wp-content\/uploads\/sites\/148\/2023\/12\/IMG_0875-1200x675.jpg 1200w, https:\/\/www.clg-paul-langevin.ac-nice.fr\/wp-content\/uploads\/sites\/148\/2023\/12\/IMG_0875-250x141.jpg 250w\" sizes=\"auto, (max-width: 603px) 100vw, 603px\" \/><\/p>\n<p><img loading=\"lazy\" decoding=\"async\" class=\"alignnone wp-image-1005\" src=\"https:\/\/www.clg-paul-langevin.ac-nice.fr\/wp-content\/uploads\/sites\/148\/2023\/12\/IMG_0877-850x478.jpg\" alt=\"\" width=\"603\" height=\"339\" srcset=\"https:\/\/www.clg-paul-langevin.ac-nice.fr\/wp-content\/uploads\/sites\/148\/2023\/12\/IMG_0877-850x478.jpg 850w, https:\/\/www.clg-paul-langevin.ac-nice.fr\/wp-content\/uploads\/sites\/148\/2023\/12\/IMG_0877-1200x675.jpg 1200w, https:\/\/www.clg-paul-langevin.ac-nice.fr\/wp-content\/uploads\/sites\/148\/2023\/12\/IMG_0877-250x141.jpg 250w\" sizes=\"auto, (max-width: 603px) 100vw, 603px\" \/><\/p>\n<p><img loading=\"lazy\" decoding=\"async\" class=\"alignnone wp-image-1009\" src=\"https:\/\/www.clg-paul-langevin.ac-nice.fr\/wp-content\/uploads\/sites\/148\/2023\/12\/IMG_1387-850x478.jpg\" alt=\"\" width=\"602\" height=\"339\" srcset=\"https:\/\/www.clg-paul-langevin.ac-nice.fr\/wp-content\/uploads\/sites\/148\/2023\/12\/IMG_1387-850x478.jpg 850w, https:\/\/www.clg-paul-langevin.ac-nice.fr\/wp-content\/uploads\/sites\/148\/2023\/12\/IMG_1387-1200x675.jpg 1200w, https:\/\/www.clg-paul-langevin.ac-nice.fr\/wp-content\/uploads\/sites\/148\/2023\/12\/IMG_1387-250x141.jpg 250w\" sizes=\"auto, (max-width: 602px) 100vw, 602px\" \/><\/p>\n<p><img loading=\"lazy\" decoding=\"async\" class=\"alignnone  wp-image-1411\" src=\"https:\/\/www.clg-paul-langevin.ac-nice.fr\/wp-content\/uploads\/sites\/148\/2024\/12\/IMG_4112.jpg\" alt=\"\" width=\"605\" height=\"454\" srcset=\"https:\/\/www.clg-paul-langevin.ac-nice.fr\/wp-content\/uploads\/sites\/148\/2024\/12\/IMG_4112.jpg 2016w, https:\/\/www.clg-paul-langevin.ac-nice.fr\/wp-content\/uploads\/sites\/148\/2024\/12\/IMG_4112-768x576.jpg 768w, https:\/\/www.clg-paul-langevin.ac-nice.fr\/wp-content\/uploads\/sites\/148\/2024\/12\/IMG_4112-1536x1152.jpg 1536w\" sizes=\"auto, (max-width: 605px) 100vw, 605px\" \/><\/p>\n","protected":false},"excerpt":{"rendered":"<p>Pr\u00e9sentation du champ professionnel \u00ab Hygi\u00e8ne-alimentation-services \u00bb&nbsp; &nbsp; &nbsp; &nbsp; &nbsp; &nbsp; &nbsp; &nbsp; &nbsp; &nbsp; &nbsp; &nbsp; &nbsp; &nbsp;<\/p>\n","protected":false},"author":1089,"featured_media":0,"parent":0,"menu_order":0,"comment_status":"closed","ping_status":"closed","template":"","meta":{"colormag_page_container_layout":"default_layout","colormag_page_sidebar_layout":"default_layout","ngg_post_thumbnail":0,"footnotes":""},"class_list":["post-648","page","type-page","status-publish","hentry"],"_links":{"self":[{"href":"https:\/\/www.clg-paul-langevin.ac-nice.fr\/index.php?rest_route=\/wp\/v2\/pages\/648","targetHints":{"allow":["GET"]}}],"collection":[{"href":"https:\/\/www.clg-paul-langevin.ac-nice.fr\/index.php?rest_route=\/wp\/v2\/pages"}],"about":[{"href":"https:\/\/www.clg-paul-langevin.ac-nice.fr\/index.php?rest_route=\/wp\/v2\/types\/page"}],"author":[{"embeddable":true,"href":"https:\/\/www.clg-paul-langevin.ac-nice.fr\/index.php?rest_route=\/wp\/v2\/users\/1089"}],"replies":[{"embeddable":true,"href":"https:\/\/www.clg-paul-langevin.ac-nice.fr\/index.php?rest_route=%2Fwp%2Fv2%2Fcomments&post=648"}],"version-history":[{"count":5,"href":"https:\/\/www.clg-paul-langevin.ac-nice.fr\/index.php?rest_route=\/wp\/v2\/pages\/648\/revisions"}],"predecessor-version":[{"id":1521,"href":"https:\/\/www.clg-paul-langevin.ac-nice.fr\/index.php?rest_route=\/wp\/v2\/pages\/648\/revisions\/1521"}],"wp:attachment":[{"href":"https:\/\/www.clg-paul-langevin.ac-nice.fr\/index.php?rest_route=%2Fwp%2Fv2%2Fmedia&parent=648"}],"curies":[{"name":"wp","href":"https:\/\/api.w.org\/{rel}","templated":true}]}}