{"id":649,"date":"2023-05-25T16:25:37","date_gmt":"2023-05-25T14:25:37","guid":{"rendered":"https:\/\/www.clg-paul-langevin.ac-nice.fr\/?page_id=649"},"modified":"2024-01-12T10:38:23","modified_gmt":"2024-01-12T09:38:23","slug":"champ-horticulture","status":"publish","type":"page","link":"https:\/\/www.clg-paul-langevin.ac-nice.fr\/?page_id=649","title":{"rendered":"Champ Professionnel E.R.E"},"content":{"rendered":"<p><strong>Pr\u00e9sentation du champ professionnel \u00ab Espace rural et environnement \u00bb<\/strong><\/p>\n<p><strong>Le champ professionnel \u00ab espace rural et environnement \u00bb couvre quatre secteurs d\u2019activit\u00e9s :<\/strong><\/p>\n<p>\u2022 la production ornementale (florale et p\u00e9pini\u00e8re) tourn\u00e9e vers la production et la commercialisation de plantes \u00e0 vocation d\u00e9corative ;<br \/>\n\u2022 la production vivri\u00e8re (l\u00e9gumi\u00e8re et fruiti\u00e8re) orient\u00e9e vers la production de l\u00e9gumes et de fruits n\u00e9cessaires \u00e0 l\u2019alimentation quotidienne ;<br \/>\n\u2022 le paysage et les espaces verts avec pour finalit\u00e9 l\u2019am\u00e9nagement et l\u2019entretien d\u2019espaces qu\u2019ils soient individuels ou collectifs,<br \/>\n\u2022 la viticulture, dont les productions viticoles sont parties prenantes du patrimoine culturel national et l\u2019agriculture.<\/p>\n<p>Ce champ se caract\u00e9rise par un travail manuel cons\u00e9quent, des activit\u00e9s en ext\u00e9rieur essentiellement ainsi que par une grande vari\u00e9t\u00e9 de t\u00e2ches et de productions li\u00e9es aux saisons et au climat.<br \/>\nLes quatre domaines de ce champ pr\u00e9parent \u00e0 l\u2019entr\u00e9e en formation qualifiante \u00e0 des m\u00e9tiers aux multiples d\u00e9bouch\u00e9s. Ils offrent donc aux \u00e9l\u00e8ves de Segpa, un avenir professionnel prometteur et accessible notamment gr\u00e2ce \u00e0 une grande diversit\u00e9 de dipl\u00f4mes de niveau V.<\/p>\n<p>Voici les photos de notre plateau technique :<\/p>\n<p><img loading=\"lazy\" decoding=\"async\" class=\"alignnone wp-image-1020\" src=\"https:\/\/www.clg-paul-langevin.ac-nice.fr\/wp-content\/uploads\/sites\/148\/2023\/12\/IMG_0897-850x478.jpg\" alt=\"\" width=\"619\" height=\"348\" srcset=\"https:\/\/www.clg-paul-langevin.ac-nice.fr\/wp-content\/uploads\/sites\/148\/2023\/12\/IMG_0897-850x478.jpg 850w, https:\/\/www.clg-paul-langevin.ac-nice.fr\/wp-content\/uploads\/sites\/148\/2023\/12\/IMG_0897-1200x675.jpg 1200w, https:\/\/www.clg-paul-langevin.ac-nice.fr\/wp-content\/uploads\/sites\/148\/2023\/12\/IMG_0897-250x141.jpg 250w\" sizes=\"auto, (max-width: 619px) 100vw, 619px\" \/><\/p>\n<p><img loading=\"lazy\" decoding=\"async\" class=\"alignnone wp-image-1019\" src=\"https:\/\/www.clg-paul-langevin.ac-nice.fr\/wp-content\/uploads\/sites\/148\/2023\/12\/IMG_0896-850x478.jpg\" alt=\"\" width=\"623\" height=\"350\" srcset=\"https:\/\/www.clg-paul-langevin.ac-nice.fr\/wp-content\/uploads\/sites\/148\/2023\/12\/IMG_0896-850x478.jpg 850w, https:\/\/www.clg-paul-langevin.ac-nice.fr\/wp-content\/uploads\/sites\/148\/2023\/12\/IMG_0896-1200x675.jpg 1200w, https:\/\/www.clg-paul-langevin.ac-nice.fr\/wp-content\/uploads\/sites\/148\/2023\/12\/IMG_0896-250x141.jpg 250w\" sizes=\"auto, (max-width: 623px) 100vw, 623px\" \/><\/p>\n<p><img loading=\"lazy\" decoding=\"async\" class=\"alignnone wp-image-1018\" src=\"https:\/\/www.clg-paul-langevin.ac-nice.fr\/wp-content\/uploads\/sites\/148\/2023\/12\/IMG_0893-850x478.jpg\" alt=\"\" width=\"619\" height=\"348\" srcset=\"https:\/\/www.clg-paul-langevin.ac-nice.fr\/wp-content\/uploads\/sites\/148\/2023\/12\/IMG_0893-850x478.jpg 850w, https:\/\/www.clg-paul-langevin.ac-nice.fr\/wp-content\/uploads\/sites\/148\/2023\/12\/IMG_0893-1200x675.jpg 1200w, https:\/\/www.clg-paul-langevin.ac-nice.fr\/wp-content\/uploads\/sites\/148\/2023\/12\/IMG_0893-250x141.jpg 250w\" sizes=\"auto, (max-width: 619px) 100vw, 619px\" \/><\/p>\n<p><img loading=\"lazy\" decoding=\"async\" class=\"alignnone wp-image-1016\" src=\"https:\/\/www.clg-paul-langevin.ac-nice.fr\/wp-content\/uploads\/sites\/148\/2023\/12\/IMG_0891-850x478.jpg\" alt=\"\" width=\"620\" height=\"349\" srcset=\"https:\/\/www.clg-paul-langevin.ac-nice.fr\/wp-content\/uploads\/sites\/148\/2023\/12\/IMG_0891-850x478.jpg 850w, https:\/\/www.clg-paul-langevin.ac-nice.fr\/wp-content\/uploads\/sites\/148\/2023\/12\/IMG_0891-1200x675.jpg 1200w, https:\/\/www.clg-paul-langevin.ac-nice.fr\/wp-content\/uploads\/sites\/148\/2023\/12\/IMG_0891-250x141.jpg 250w\" sizes=\"auto, (max-width: 620px) 100vw, 620px\" \/><\/p>\n<p><img loading=\"lazy\" decoding=\"async\" class=\"alignnone wp-image-1017\" src=\"https:\/\/www.clg-paul-langevin.ac-nice.fr\/wp-content\/uploads\/sites\/148\/2023\/12\/IMG_0892-850x478.jpg\" alt=\"\" width=\"619\" height=\"348\" srcset=\"https:\/\/www.clg-paul-langevin.ac-nice.fr\/wp-content\/uploads\/sites\/148\/2023\/12\/IMG_0892-850x478.jpg 850w, https:\/\/www.clg-paul-langevin.ac-nice.fr\/wp-content\/uploads\/sites\/148\/2023\/12\/IMG_0892-1200x675.jpg 1200w, https:\/\/www.clg-paul-langevin.ac-nice.fr\/wp-content\/uploads\/sites\/148\/2023\/12\/IMG_0892-250x141.jpg 250w\" sizes=\"auto, (max-width: 619px) 100vw, 619px\" \/><\/p>\n<p><img loading=\"lazy\" decoding=\"async\" class=\"alignnone wp-image-1014\" src=\"https:\/\/www.clg-paul-langevin.ac-nice.fr\/wp-content\/uploads\/sites\/148\/2023\/12\/IMG_0886-850x478.jpg\" alt=\"\" width=\"618\" height=\"348\" srcset=\"https:\/\/www.clg-paul-langevin.ac-nice.fr\/wp-content\/uploads\/sites\/148\/2023\/12\/IMG_0886-850x478.jpg 850w, https:\/\/www.clg-paul-langevin.ac-nice.fr\/wp-content\/uploads\/sites\/148\/2023\/12\/IMG_0886-1200x675.jpg 1200w, https:\/\/www.clg-paul-langevin.ac-nice.fr\/wp-content\/uploads\/sites\/148\/2023\/12\/IMG_0886-250x141.jpg 250w\" sizes=\"auto, (max-width: 618px) 100vw, 618px\" \/><\/p>\n<p><img loading=\"lazy\" decoding=\"async\" class=\"alignnone wp-image-1013\" src=\"https:\/\/www.clg-paul-langevin.ac-nice.fr\/wp-content\/uploads\/sites\/148\/2023\/12\/IMG_0882-850x478.jpg\" alt=\"\" width=\"617\" height=\"347\" srcset=\"https:\/\/www.clg-paul-langevin.ac-nice.fr\/wp-content\/uploads\/sites\/148\/2023\/12\/IMG_0882-850x478.jpg 850w, https:\/\/www.clg-paul-langevin.ac-nice.fr\/wp-content\/uploads\/sites\/148\/2023\/12\/IMG_0882-1200x675.jpg 1200w, https:\/\/www.clg-paul-langevin.ac-nice.fr\/wp-content\/uploads\/sites\/148\/2023\/12\/IMG_0882-250x141.jpg 250w\" sizes=\"auto, (max-width: 617px) 100vw, 617px\" \/><\/p>\n","protected":false},"excerpt":{"rendered":"<p>Pr\u00e9sentation du champ professionnel \u00ab Espace rural et environnement \u00bb Le champ professionnel \u00ab espace rural et environnement \u00bb couvre<\/p>\n","protected":false},"author":1089,"featured_media":0,"parent":0,"menu_order":0,"comment_status":"closed","ping_status":"closed","template":"","meta":{"colormag_page_container_layout":"default_layout","colormag_page_sidebar_layout":"default_layout","ngg_post_thumbnail":0,"footnotes":""},"class_list":["post-649","page","type-page","status-publish","hentry"],"_links":{"self":[{"href":"https:\/\/www.clg-paul-langevin.ac-nice.fr\/index.php?rest_route=\/wp\/v2\/pages\/649","targetHints":{"allow":["GET"]}}],"collection":[{"href":"https:\/\/www.clg-paul-langevin.ac-nice.fr\/index.php?rest_route=\/wp\/v2\/pages"}],"about":[{"href":"https:\/\/www.clg-paul-langevin.ac-nice.fr\/index.php?rest_route=\/wp\/v2\/types\/page"}],"author":[{"embeddable":true,"href":"https:\/\/www.clg-paul-langevin.ac-nice.fr\/index.php?rest_route=\/wp\/v2\/users\/1089"}],"replies":[{"embeddable":true,"href":"https:\/\/www.clg-paul-langevin.ac-nice.fr\/index.php?rest_route=%2Fwp%2Fv2%2Fcomments&post=649"}],"version-history":[{"count":5,"href":"https:\/\/www.clg-paul-langevin.ac-nice.fr\/index.php?rest_route=\/wp\/v2\/pages\/649\/revisions"}],"predecessor-version":[{"id":1038,"href":"https:\/\/www.clg-paul-langevin.ac-nice.fr\/index.php?rest_route=\/wp\/v2\/pages\/649\/revisions\/1038"}],"wp:attachment":[{"href":"https:\/\/www.clg-paul-langevin.ac-nice.fr\/index.php?rest_route=%2Fwp%2Fv2%2Fmedia&parent=649"}],"curies":[{"name":"wp","href":"https:\/\/api.w.org\/{rel}","templated":true}]}}