{"id":797,"date":"2023-07-05T12:44:47","date_gmt":"2023-07-05T10:44:47","guid":{"rendered":"https:\/\/www.clg-paul-langevin.ac-nice.fr\/?page_id=797"},"modified":"2023-07-05T12:44:47","modified_gmt":"2023-07-05T10:44:47","slug":"ars-allocation-de-rentree-scolaire","status":"publish","type":"page","link":"https:\/\/www.clg-paul-langevin.ac-nice.fr\/?page_id=797","title":{"rendered":"ARS &#8211; Allocation de rentr\u00e9e scolaire"},"content":{"rendered":"<p>L\u2019<strong>allocation de rentr\u00e9e scolaire<\/strong>&nbsp;(Ars) concerne les enfants \u00e2g\u00e9s de 6 \u00e0 18 ans. Pr\u00e9vue pour soutenir les familles face aux d\u00e9penses de la rentr\u00e9e scolaire, cette allocation est accessible sous conditions de ressources.<\/p>\n<p>Vers\u00e9e en une seule fois \u00e0 la fin du mois d\u2019ao\u00fbt par la caisse d\u2019allocation familiale (CAF), ou par la Mutualit\u00e9 sociale agricole (MSA), l\u2019Ars est actualis\u00e9e chaque ann\u00e9e afin de s\u2019adapter aux \u00e9volutions de votre situation familiale.<\/p>\n<p>Les conditions d\u2019octroi d\u00e9pendent notamment de l\u2019\u00e2ge de vos enfants, de vos ressources annuelles (qui ne doivent pas d\u00e9passer les plafonds en vigueur) et du nombre d\u2019enfants \u00e0 votre charge.<\/p>\n<p><strong>Plus d\u2019informations&nbsp;:&nbsp;<a href=\"https:\/\/www.caf.fr\/allocataires\/aides-et-demarches\/droits-et-prestations\/vie-personnelle\/l-allocation-de-rentree-scolaire-ars\">https:\/\/www.caf.fr\/allocataires\/aides-et-demarches\/<\/a><\/strong><\/p>\n","protected":false},"excerpt":{"rendered":"<p>L\u2019allocation de rentr\u00e9e scolaire&nbsp;(Ars) concerne les enfants \u00e2g\u00e9s de 6 \u00e0 18 ans. Pr\u00e9vue pour soutenir les familles face aux<\/p>\n","protected":false},"author":1089,"featured_media":0,"parent":639,"menu_order":1,"comment_status":"closed","ping_status":"closed","template":"","meta":{"colormag_page_container_layout":"default_layout","colormag_page_sidebar_layout":"default_layout","ngg_post_thumbnail":0,"footnotes":""},"class_list":["post-797","page","type-page","status-publish","hentry"],"_links":{"self":[{"href":"https:\/\/www.clg-paul-langevin.ac-nice.fr\/index.php?rest_route=\/wp\/v2\/pages\/797","targetHints":{"allow":["GET"]}}],"collection":[{"href":"https:\/\/www.clg-paul-langevin.ac-nice.fr\/index.php?rest_route=\/wp\/v2\/pages"}],"about":[{"href":"https:\/\/www.clg-paul-langevin.ac-nice.fr\/index.php?rest_route=\/wp\/v2\/types\/page"}],"author":[{"embeddable":true,"href":"https:\/\/www.clg-paul-langevin.ac-nice.fr\/index.php?rest_route=\/wp\/v2\/users\/1089"}],"replies":[{"embeddable":true,"href":"https:\/\/www.clg-paul-langevin.ac-nice.fr\/index.php?rest_route=%2Fwp%2Fv2%2Fcomments&post=797"}],"version-history":[{"count":1,"href":"https:\/\/www.clg-paul-langevin.ac-nice.fr\/index.php?rest_route=\/wp\/v2\/pages\/797\/revisions"}],"predecessor-version":[{"id":798,"href":"https:\/\/www.clg-paul-langevin.ac-nice.fr\/index.php?rest_route=\/wp\/v2\/pages\/797\/revisions\/798"}],"up":[{"embeddable":true,"href":"https:\/\/www.clg-paul-langevin.ac-nice.fr\/index.php?rest_route=\/wp\/v2\/pages\/639"}],"wp:attachment":[{"href":"https:\/\/www.clg-paul-langevin.ac-nice.fr\/index.php?rest_route=%2Fwp%2Fv2%2Fmedia&parent=797"}],"curies":[{"name":"wp","href":"https:\/\/api.w.org\/{rel}","templated":true}]}}