{"id":799,"date":"2023-07-05T12:45:58","date_gmt":"2023-07-05T10:45:58","guid":{"rendered":"https:\/\/www.clg-paul-langevin.ac-nice.fr\/?page_id=799"},"modified":"2023-07-05T12:45:58","modified_gmt":"2023-07-05T10:45:58","slug":"bourses-des-colleges-et-aides-financieres-nationales","status":"publish","type":"page","link":"https:\/\/www.clg-paul-langevin.ac-nice.fr\/?page_id=799","title":{"rendered":"bourses des coll\u00e8ges et aides financi\u00e8res nationales"},"content":{"rendered":"<p>La demande de&nbsp;<strong>bourse des coll\u00e8ges<\/strong>&nbsp;est accessible :<\/p>\n<ul>\n<li>aux \u00e9l\u00e8ves scolaris\u00e9s dans les coll\u00e8ges publics, quelle que soit l\u2019acad\u00e9mie ;<\/li>\n<li>\u00e0 ceux des \u00e9tablissements priv\u00e9s sous contrat ou habilit\u00e9s \u00e0 recevoir des boursiers nationaux ;<\/li>\n<li>aux \u00e9l\u00e8ves qui poursuivent leur scolarit\u00e9 au CNED.<\/li>\n<\/ul>\n<p>Attribu\u00e9 pour une ann\u00e9e scolaire et&nbsp;<strong>vers\u00e9 en trois fois<\/strong>&nbsp;(un versement par trimestre), le montant de ces bourses varie selon vos ressources et le nombre d\u2019enfants \u00e0 votre charge.<\/p>\n<p>La campagne de bourse de coll\u00e8ge se d\u00e9roule de d\u00e9but septembre \u00e0 mi-octobre<\/p>\n<p>La demande se fait en ligne sur le site :&nbsp;<strong><a href=\"https:\/\/teleservices.ac-nice.fr\/\">https:\/\/teleservices.ac-nice.fr<\/a><\/strong><\/p>\n<p>La bourse est vers\u00e9e \u00e0 la fin des 3 trimestres ou d\u00e9duite des factures de demi-pension.&nbsp;<\/p>\n<p><strong>Acc\u00e8s au simulateur bourse officiel&nbsp;:&nbsp;<a href=\"https:\/\/calculateur-bourses.education.gouv.fr\/cabs\/api\/v1\/college\/simulateur.html\">https:\/\/calculateur-bourses.education.gouv.fr<\/a><\/strong><\/p>\n","protected":false},"excerpt":{"rendered":"<p>La demande de&nbsp;bourse des coll\u00e8ges&nbsp;est accessible : aux \u00e9l\u00e8ves scolaris\u00e9s dans les coll\u00e8ges publics, quelle que soit l\u2019acad\u00e9mie ; \u00e0<\/p>\n","protected":false},"author":1089,"featured_media":0,"parent":639,"menu_order":2,"comment_status":"closed","ping_status":"closed","template":"","meta":{"colormag_page_container_layout":"default_layout","colormag_page_sidebar_layout":"default_layout","ngg_post_thumbnail":0,"footnotes":""},"class_list":["post-799","page","type-page","status-publish","hentry"],"_links":{"self":[{"href":"https:\/\/www.clg-paul-langevin.ac-nice.fr\/index.php?rest_route=\/wp\/v2\/pages\/799","targetHints":{"allow":["GET"]}}],"collection":[{"href":"https:\/\/www.clg-paul-langevin.ac-nice.fr\/index.php?rest_route=\/wp\/v2\/pages"}],"about":[{"href":"https:\/\/www.clg-paul-langevin.ac-nice.fr\/index.php?rest_route=\/wp\/v2\/types\/page"}],"author":[{"embeddable":true,"href":"https:\/\/www.clg-paul-langevin.ac-nice.fr\/index.php?rest_route=\/wp\/v2\/users\/1089"}],"replies":[{"embeddable":true,"href":"https:\/\/www.clg-paul-langevin.ac-nice.fr\/index.php?rest_route=%2Fwp%2Fv2%2Fcomments&post=799"}],"version-history":[{"count":1,"href":"https:\/\/www.clg-paul-langevin.ac-nice.fr\/index.php?rest_route=\/wp\/v2\/pages\/799\/revisions"}],"predecessor-version":[{"id":800,"href":"https:\/\/www.clg-paul-langevin.ac-nice.fr\/index.php?rest_route=\/wp\/v2\/pages\/799\/revisions\/800"}],"up":[{"embeddable":true,"href":"https:\/\/www.clg-paul-langevin.ac-nice.fr\/index.php?rest_route=\/wp\/v2\/pages\/639"}],"wp:attachment":[{"href":"https:\/\/www.clg-paul-langevin.ac-nice.fr\/index.php?rest_route=%2Fwp%2Fv2%2Fmedia&parent=799"}],"curies":[{"name":"wp","href":"https:\/\/api.w.org\/{rel}","templated":true}]}}