{"id":801,"date":"2023-07-05T12:46:46","date_gmt":"2023-07-05T10:46:46","guid":{"rendered":"https:\/\/www.clg-paul-langevin.ac-nice.fr\/?page_id=801"},"modified":"2023-07-05T12:47:50","modified_gmt":"2023-07-05T10:47:50","slug":"prime-a-linternat","status":"publish","type":"page","link":"https:\/\/www.clg-paul-langevin.ac-nice.fr\/?page_id=801","title":{"rendered":"Prime \u00e0 l\u2019internat"},"content":{"rendered":"<p>La&nbsp;<strong>Prime \u00e0 l\u2019internat&nbsp;<\/strong>s\u2019adresse aux coll\u00e9giens boursiers et scolaris\u00e9s en internat. Son montant, vers\u00e9 en trois fois et en m\u00eame temps que la bourse, varie en fonction de l\u2019\u00e9chelon de bourse de l\u2019\u00e9l\u00e8ve concern\u00e9.<\/p>\n<p>Le montant annuel de cette prime avoisine les 300 \u20ac pour le 1er \u00e9chelon, les 400 \u20ac pour le second, et les 450 \u20ac pour le 3\u00e8me \u00e9chelon (variables selon les ann\u00e9es).<\/p>\n","protected":false},"excerpt":{"rendered":"<p>La&nbsp;Prime \u00e0 l\u2019internat&nbsp;s\u2019adresse aux coll\u00e9giens boursiers et scolaris\u00e9s en internat. Son montant, vers\u00e9 en trois fois et en m\u00eame temps<\/p>\n","protected":false},"author":1089,"featured_media":0,"parent":639,"menu_order":3,"comment_status":"closed","ping_status":"closed","template":"","meta":{"colormag_page_container_layout":"default_layout","colormag_page_sidebar_layout":"default_layout","ngg_post_thumbnail":0,"footnotes":""},"class_list":["post-801","page","type-page","status-publish","hentry"],"_links":{"self":[{"href":"https:\/\/www.clg-paul-langevin.ac-nice.fr\/index.php?rest_route=\/wp\/v2\/pages\/801","targetHints":{"allow":["GET"]}}],"collection":[{"href":"https:\/\/www.clg-paul-langevin.ac-nice.fr\/index.php?rest_route=\/wp\/v2\/pages"}],"about":[{"href":"https:\/\/www.clg-paul-langevin.ac-nice.fr\/index.php?rest_route=\/wp\/v2\/types\/page"}],"author":[{"embeddable":true,"href":"https:\/\/www.clg-paul-langevin.ac-nice.fr\/index.php?rest_route=\/wp\/v2\/users\/1089"}],"replies":[{"embeddable":true,"href":"https:\/\/www.clg-paul-langevin.ac-nice.fr\/index.php?rest_route=%2Fwp%2Fv2%2Fcomments&post=801"}],"version-history":[{"count":1,"href":"https:\/\/www.clg-paul-langevin.ac-nice.fr\/index.php?rest_route=\/wp\/v2\/pages\/801\/revisions"}],"predecessor-version":[{"id":802,"href":"https:\/\/www.clg-paul-langevin.ac-nice.fr\/index.php?rest_route=\/wp\/v2\/pages\/801\/revisions\/802"}],"up":[{"embeddable":true,"href":"https:\/\/www.clg-paul-langevin.ac-nice.fr\/index.php?rest_route=\/wp\/v2\/pages\/639"}],"wp:attachment":[{"href":"https:\/\/www.clg-paul-langevin.ac-nice.fr\/index.php?rest_route=%2Fwp%2Fv2%2Fmedia&parent=801"}],"curies":[{"name":"wp","href":"https:\/\/api.w.org\/{rel}","templated":true}]}}