{"id":803,"date":"2023-07-05T12:49:05","date_gmt":"2023-07-05T10:49:05","guid":{"rendered":"https:\/\/www.clg-paul-langevin.ac-nice.fr\/?page_id=803"},"modified":"2023-07-05T12:49:05","modified_gmt":"2023-07-05T10:49:05","slug":"aides-regionales-et-departementales","status":"publish","type":"page","link":"https:\/\/www.clg-paul-langevin.ac-nice.fr\/?page_id=803","title":{"rendered":"Aides r\u00e9gionales et d\u00e9partementales"},"content":{"rendered":"<p>Les r\u00e9gions, d\u00e9partements et communes peuvent \u00e9galement proposer des&nbsp;aides financi\u00e8res locales aux coll\u00e9giens, et toujours sous forme de bourses.<\/p>\n<p>Le montant et les conditions d\u2019attribution de ces derni\u00e8res d\u00e9pendent directement de la politique de votre collectivit\u00e9 locale.<\/p>\n<p>&nbsp;<\/p>\n<p><strong><em>CANTINE 06&nbsp;<\/em><\/strong><em>(demande de la rentr\u00e9e \u00e0 fin septembre)<\/em><\/p>\n<p>Pour les enfants ayant per\u00e7u l\u2019allocation de rentr\u00e9e scolaire de la CAF, une aide du Conseil D\u00e9partemental (1\u20ac par repas factur\u00e9) sera d\u00e9duite de la facture de cantine.<\/p>\n<p>L\u2019imprim\u00e9 est \u00e0 demander (\u00e0 partir de septembre) \u00e0 l\u2019intendance et \u00e0 rendre au m\u00eame endroit avec la notification CAF ou MSA<\/p>\n<p><strong>Avant fin septembre&nbsp;<\/strong>\u2013 Se renseigner aupr\u00e8s du service Intendance du coll\u00e8ge<\/p>\n<p>&nbsp;<\/p>\n<p><strong><em>BOURSE DEPARTEMENTALE \u00ab SCOLARITE 06 \u00bb&nbsp;<\/em><\/strong>(<em>demande de novembre \u00e0 janvier)<\/em><\/p>\n<p>Il s\u2019agit d\u2019une bourse attribu\u00e9e par le d\u00e9partement aux \u00e9l\u00e8ves boursiers.<\/p>\n<p>La demande est \u00e0 faire de mi-novembre \u00e0 fin d\u00e9cembre sur le site&nbsp;<strong><a href=\"https:\/\/mesdemarches06.fr\/\">https:\/\/mesdemarches06.fr\/<\/a><\/strong><\/p>\n<p><em>&nbsp;<\/em><\/p>\n<p><strong><em>ORDINATEURS<\/em><\/strong><\/p>\n<p>Des ordinateurs reconditionn\u00e9s \u00e0 tarif pr\u00e9f\u00e9rentiel seront propos\u00e9s aux \u00e9l\u00e8ves boursiers apr\u00e8s les vacances de la Toussaint.<\/p>\n<p>Une copie de la notification CAF vous sera demand\u00e9e en pi\u00e8ce justificative avec le dossier \u2013 Se renseigner aupr\u00e8s du service Intendance du coll\u00e8ge.<\/p>\n<p>&nbsp;<\/p>\n<p><strong>Plus d\u2019informations&nbsp;:&nbsp;<a href=\"https:\/\/www.departement06.fr\/education\/aides-a-la-scolarite-2760.html#:~:text=Bourse%20destin%C3%A9e%20aux%20coll%C3%A9giens%20%2D%20Scolarit%C3%A9%2006&amp;text=L'usager%20doit%20cr%C3%A9er%20son,septembre%20au%2030%20d%C3%A9cembre%202022.\">https:\/\/www.departement06.fr\/education\/aides-a-la-scolarite-2760.html<\/a><\/strong><\/p>\n<p>&nbsp;<\/p>\n","protected":false},"excerpt":{"rendered":"<p>Les r\u00e9gions, d\u00e9partements et communes peuvent \u00e9galement proposer des&nbsp;aides financi\u00e8res locales aux coll\u00e9giens, et toujours sous forme de bourses. Le<\/p>\n","protected":false},"author":1089,"featured_media":0,"parent":639,"menu_order":4,"comment_status":"closed","ping_status":"closed","template":"","meta":{"colormag_page_container_layout":"default_layout","colormag_page_sidebar_layout":"default_layout","ngg_post_thumbnail":0,"footnotes":""},"class_list":["post-803","page","type-page","status-publish","hentry"],"_links":{"self":[{"href":"https:\/\/www.clg-paul-langevin.ac-nice.fr\/index.php?rest_route=\/wp\/v2\/pages\/803","targetHints":{"allow":["GET"]}}],"collection":[{"href":"https:\/\/www.clg-paul-langevin.ac-nice.fr\/index.php?rest_route=\/wp\/v2\/pages"}],"about":[{"href":"https:\/\/www.clg-paul-langevin.ac-nice.fr\/index.php?rest_route=\/wp\/v2\/types\/page"}],"author":[{"embeddable":true,"href":"https:\/\/www.clg-paul-langevin.ac-nice.fr\/index.php?rest_route=\/wp\/v2\/users\/1089"}],"replies":[{"embeddable":true,"href":"https:\/\/www.clg-paul-langevin.ac-nice.fr\/index.php?rest_route=%2Fwp%2Fv2%2Fcomments&post=803"}],"version-history":[{"count":1,"href":"https:\/\/www.clg-paul-langevin.ac-nice.fr\/index.php?rest_route=\/wp\/v2\/pages\/803\/revisions"}],"predecessor-version":[{"id":804,"href":"https:\/\/www.clg-paul-langevin.ac-nice.fr\/index.php?rest_route=\/wp\/v2\/pages\/803\/revisions\/804"}],"up":[{"embeddable":true,"href":"https:\/\/www.clg-paul-langevin.ac-nice.fr\/index.php?rest_route=\/wp\/v2\/pages\/639"}],"wp:attachment":[{"href":"https:\/\/www.clg-paul-langevin.ac-nice.fr\/index.php?rest_route=%2Fwp%2Fv2%2Fmedia&parent=803"}],"curies":[{"name":"wp","href":"https:\/\/api.w.org\/{rel}","templated":true}]}}