{"id":805,"date":"2023-07-05T12:49:53","date_gmt":"2023-07-05T10:49:53","guid":{"rendered":"https:\/\/www.clg-paul-langevin.ac-nice.fr\/?page_id=805"},"modified":"2023-07-05T12:49:53","modified_gmt":"2023-07-05T10:49:53","slug":"fonds-sociaux-pour-les-familles-en-difficultes-financieres","status":"publish","type":"page","link":"https:\/\/www.clg-paul-langevin.ac-nice.fr\/?page_id=805","title":{"rendered":"Fonds sociaux pour les familles en difficult\u00e9s financi\u00e8res"},"content":{"rendered":"<p>Le&nbsp;<strong>fonds social coll\u00e9gien<\/strong>&nbsp;se destine \u00e0 soutenir les familles en situations financi\u00e8res difficiles. Il s\u2019agit d\u2019une aide exceptionnelle qui leur permet de faire face aux d\u00e9penses de scolarit\u00e9 et de vie scolaire de leurs enfants inscrits au coll\u00e8ge.<\/p>\n<p>Ce fonds peut prendre deux formes :<\/p>\n<ul>\n<li>celle d\u2019une aide financi\u00e8re directe ;<\/li>\n<li>ou celle de prestations en nature (demi-pension, internat, fournitures\u2026).<\/li>\n<\/ul>\n<p>L\u2019attribution de ce fonds rel\u00e8ve de la d\u00e9cision du chef de l\u2019\u00e9tablissement scolaire, sur avis de la commission qu\u2019il pr\u00e9side et du recteur de l\u2019acad\u00e9mie (pour les coll\u00e8ges publics).<\/p>\n<p>Le fonds social pour les cantines permet quant \u00e0 lui aux coll\u00e9giens issus de milieux d\u00e9favoris\u00e9s de prendre leur repas dans le restaurant scolaire de leur coll\u00e8ge.<\/p>\n<p>L\u00e0 encore, c\u2019est le chef d\u2019\u00e9tablissement qui d\u00e9cide des modalit\u00e9s d\u2019attribution de ce fonds, sur avis du conseil d\u2019administration.<\/p>\n<p>Vous obtiendrez les informations relatives \u00e0 ces deux fonds aupr\u00e8s du secr\u00e9tariat du coll\u00e8ge fr\u00e9quent\u00e9 par votre enfant.<\/p>\n","protected":false},"excerpt":{"rendered":"<p>Le&nbsp;fonds social coll\u00e9gien&nbsp;se destine \u00e0 soutenir les familles en situations financi\u00e8res difficiles. Il s\u2019agit d\u2019une aide exceptionnelle qui leur permet<\/p>\n","protected":false},"author":1089,"featured_media":0,"parent":639,"menu_order":5,"comment_status":"closed","ping_status":"closed","template":"","meta":{"colormag_page_container_layout":"default_layout","colormag_page_sidebar_layout":"default_layout","ngg_post_thumbnail":0,"footnotes":""},"class_list":["post-805","page","type-page","status-publish","hentry"],"_links":{"self":[{"href":"https:\/\/www.clg-paul-langevin.ac-nice.fr\/index.php?rest_route=\/wp\/v2\/pages\/805","targetHints":{"allow":["GET"]}}],"collection":[{"href":"https:\/\/www.clg-paul-langevin.ac-nice.fr\/index.php?rest_route=\/wp\/v2\/pages"}],"about":[{"href":"https:\/\/www.clg-paul-langevin.ac-nice.fr\/index.php?rest_route=\/wp\/v2\/types\/page"}],"author":[{"embeddable":true,"href":"https:\/\/www.clg-paul-langevin.ac-nice.fr\/index.php?rest_route=\/wp\/v2\/users\/1089"}],"replies":[{"embeddable":true,"href":"https:\/\/www.clg-paul-langevin.ac-nice.fr\/index.php?rest_route=%2Fwp%2Fv2%2Fcomments&post=805"}],"version-history":[{"count":1,"href":"https:\/\/www.clg-paul-langevin.ac-nice.fr\/index.php?rest_route=\/wp\/v2\/pages\/805\/revisions"}],"predecessor-version":[{"id":806,"href":"https:\/\/www.clg-paul-langevin.ac-nice.fr\/index.php?rest_route=\/wp\/v2\/pages\/805\/revisions\/806"}],"up":[{"embeddable":true,"href":"https:\/\/www.clg-paul-langevin.ac-nice.fr\/index.php?rest_route=\/wp\/v2\/pages\/639"}],"wp:attachment":[{"href":"https:\/\/www.clg-paul-langevin.ac-nice.fr\/index.php?rest_route=%2Fwp%2Fv2%2Fmedia&parent=805"}],"curies":[{"name":"wp","href":"https:\/\/api.w.org\/{rel}","templated":true}]}}