{"id":807,"date":"2023-07-05T12:50:44","date_gmt":"2023-07-05T10:50:44","guid":{"rendered":"https:\/\/www.clg-paul-langevin.ac-nice.fr\/?page_id=807"},"modified":"2023-07-05T12:50:44","modified_gmt":"2023-07-05T10:50:44","slug":"passsport","status":"publish","type":"page","link":"https:\/\/www.clg-paul-langevin.ac-nice.fr\/?page_id=807","title":{"rendered":"Pass\u2019Sport"},"content":{"rendered":"<p>Le<strong>&nbsp;Pass\u2019Sport<\/strong>&nbsp;est une allocation de rentr\u00e9e sportive destin\u00e9e \u00e0 financer, totalement ou en partie, les frais d\u2019inscription des coll\u00e9giens aupr\u00e8s des associations sportives volontaires.<\/p>\n<p>Le montant de 50 \u20ac par enfant du Pass\u2019Sport est cumulable avec les autres aides propos\u00e9es par votre collectivit\u00e9.<\/p>\n<p><strong>Plus d\u2019informations&nbsp;:&nbsp;<a href=\"https:\/\/www.education.gouv.fr\/le-pass-sport-323333\">https:\/\/www.education.gouv.fr\/le-pass-sport-323333<\/a><\/strong><\/p>\n","protected":false},"excerpt":{"rendered":"<p>Le&nbsp;Pass\u2019Sport&nbsp;est une allocation de rentr\u00e9e sportive destin\u00e9e \u00e0 financer, totalement ou en partie, les frais d\u2019inscription des coll\u00e9giens aupr\u00e8s des<\/p>\n","protected":false},"author":1089,"featured_media":0,"parent":639,"menu_order":6,"comment_status":"closed","ping_status":"closed","template":"","meta":{"colormag_page_container_layout":"default_layout","colormag_page_sidebar_layout":"default_layout","ngg_post_thumbnail":0,"footnotes":""},"class_list":["post-807","page","type-page","status-publish","hentry"],"_links":{"self":[{"href":"https:\/\/www.clg-paul-langevin.ac-nice.fr\/index.php?rest_route=\/wp\/v2\/pages\/807","targetHints":{"allow":["GET"]}}],"collection":[{"href":"https:\/\/www.clg-paul-langevin.ac-nice.fr\/index.php?rest_route=\/wp\/v2\/pages"}],"about":[{"href":"https:\/\/www.clg-paul-langevin.ac-nice.fr\/index.php?rest_route=\/wp\/v2\/types\/page"}],"author":[{"embeddable":true,"href":"https:\/\/www.clg-paul-langevin.ac-nice.fr\/index.php?rest_route=\/wp\/v2\/users\/1089"}],"replies":[{"embeddable":true,"href":"https:\/\/www.clg-paul-langevin.ac-nice.fr\/index.php?rest_route=%2Fwp%2Fv2%2Fcomments&post=807"}],"version-history":[{"count":2,"href":"https:\/\/www.clg-paul-langevin.ac-nice.fr\/index.php?rest_route=\/wp\/v2\/pages\/807\/revisions"}],"predecessor-version":[{"id":827,"href":"https:\/\/www.clg-paul-langevin.ac-nice.fr\/index.php?rest_route=\/wp\/v2\/pages\/807\/revisions\/827"}],"up":[{"embeddable":true,"href":"https:\/\/www.clg-paul-langevin.ac-nice.fr\/index.php?rest_route=\/wp\/v2\/pages\/639"}],"wp:attachment":[{"href":"https:\/\/www.clg-paul-langevin.ac-nice.fr\/index.php?rest_route=%2Fwp%2Fv2%2Fmedia&parent=807"}],"curies":[{"name":"wp","href":"https:\/\/api.w.org\/{rel}","templated":true}]}}