{"id":811,"date":"2023-07-05T12:52:33","date_gmt":"2023-07-05T10:52:33","guid":{"rendered":"https:\/\/www.clg-paul-langevin.ac-nice.fr\/?page_id=811"},"modified":"2023-07-05T12:52:33","modified_gmt":"2023-07-05T10:52:33","slug":"aide-aux-frais-de-transport-scolaire","status":"publish","type":"page","link":"https:\/\/www.clg-paul-langevin.ac-nice.fr\/?page_id=811","title":{"rendered":"Aide aux frais de transport scolaire"},"content":{"rendered":"<p>Le co\u00fbt du transport scolaire des coll\u00e9giens est parfois pris en charge par la R\u00e9gion (selon la politique de cette derni\u00e8re).<\/p>\n<p><strong>En l\u2019absence de transports publics adapt\u00e9s<\/strong>, une aide aux frais de transports peut \u00e9galement vous \u00eatre octroy\u00e9e par votre D\u00e9partement. Cette aide vise \u00e0 aider les familles \u00e0 supporter le co\u00fbt des trajets r\u00e9alis\u00e9s avec une voiture particuli\u00e8re pour se rendre au coll\u00e8ge.<\/p>\n<p>Pour plus d\u2019informations, contactez le service des transports scolaires de votre commune.<\/p>\n","protected":false},"excerpt":{"rendered":"<p>Le co\u00fbt du transport scolaire des coll\u00e9giens est parfois pris en charge par la R\u00e9gion (selon la politique de cette<\/p>\n","protected":false},"author":1089,"featured_media":0,"parent":639,"menu_order":8,"comment_status":"closed","ping_status":"closed","template":"","meta":{"colormag_page_container_layout":"default_layout","colormag_page_sidebar_layout":"default_layout","ngg_post_thumbnail":0,"footnotes":""},"class_list":["post-811","page","type-page","status-publish","hentry"],"_links":{"self":[{"href":"https:\/\/www.clg-paul-langevin.ac-nice.fr\/index.php?rest_route=\/wp\/v2\/pages\/811","targetHints":{"allow":["GET"]}}],"collection":[{"href":"https:\/\/www.clg-paul-langevin.ac-nice.fr\/index.php?rest_route=\/wp\/v2\/pages"}],"about":[{"href":"https:\/\/www.clg-paul-langevin.ac-nice.fr\/index.php?rest_route=\/wp\/v2\/types\/page"}],"author":[{"embeddable":true,"href":"https:\/\/www.clg-paul-langevin.ac-nice.fr\/index.php?rest_route=\/wp\/v2\/users\/1089"}],"replies":[{"embeddable":true,"href":"https:\/\/www.clg-paul-langevin.ac-nice.fr\/index.php?rest_route=%2Fwp%2Fv2%2Fcomments&post=811"}],"version-history":[{"count":1,"href":"https:\/\/www.clg-paul-langevin.ac-nice.fr\/index.php?rest_route=\/wp\/v2\/pages\/811\/revisions"}],"predecessor-version":[{"id":812,"href":"https:\/\/www.clg-paul-langevin.ac-nice.fr\/index.php?rest_route=\/wp\/v2\/pages\/811\/revisions\/812"}],"up":[{"embeddable":true,"href":"https:\/\/www.clg-paul-langevin.ac-nice.fr\/index.php?rest_route=\/wp\/v2\/pages\/639"}],"wp:attachment":[{"href":"https:\/\/www.clg-paul-langevin.ac-nice.fr\/index.php?rest_route=%2Fwp%2Fv2%2Fmedia&parent=811"}],"curies":[{"name":"wp","href":"https:\/\/api.w.org\/{rel}","templated":true}]}}