{"id":813,"date":"2023-07-05T12:53:10","date_gmt":"2023-07-05T10:53:10","guid":{"rendered":"https:\/\/www.clg-paul-langevin.ac-nice.fr\/?page_id=813"},"modified":"2023-07-05T12:53:10","modified_gmt":"2023-07-05T10:53:10","slug":"microcredit-social","status":"publish","type":"page","link":"https:\/\/www.clg-paul-langevin.ac-nice.fr\/?page_id=813","title":{"rendered":"Microcr\u00e9dit social"},"content":{"rendered":"<p>Le microcr\u00e9dit personnel est un cr\u00e9dit destin\u00e9 aux personnes exclues du syst\u00e8me bancaire classique (faibles revenus ou situation professionnelle fragile). Il sert \u00e0 r\u00e9aliser un projet personnel destin\u00e9 \u00e0 am\u00e9liorer la situation de l\u2019emprunteur.<\/p>\n<p>Dans le cadre de ce projet personnel, le microcr\u00e9dit peut \u00eatre utilis\u00e9 pour acheter des biens ou services, achat fournitures scolaires, financement de formation.<\/p>\n<p><strong>Plus d\u2019informations :&nbsp;<a href=\"https:\/\/www.service-public.fr\/particuliers\/vosdroits\/F21375\">https:\/\/www.service-public.fr\/particuliers\/vosdroits\/F21375<\/a><\/strong><br \/>\n<strong>Demande de financement&nbsp;:&nbsp;<a href=\"https:\/\/www.verilor.fr\/\">https:\/\/www.verilor.fr<\/a><\/strong><\/p>\n","protected":false},"excerpt":{"rendered":"<p>Le microcr\u00e9dit personnel est un cr\u00e9dit destin\u00e9 aux personnes exclues du syst\u00e8me bancaire classique (faibles revenus ou situation professionnelle fragile).<\/p>\n","protected":false},"author":1089,"featured_media":0,"parent":639,"menu_order":9,"comment_status":"closed","ping_status":"closed","template":"","meta":{"colormag_page_container_layout":"default_layout","colormag_page_sidebar_layout":"default_layout","ngg_post_thumbnail":0,"footnotes":""},"class_list":["post-813","page","type-page","status-publish","hentry"],"_links":{"self":[{"href":"https:\/\/www.clg-paul-langevin.ac-nice.fr\/index.php?rest_route=\/wp\/v2\/pages\/813","targetHints":{"allow":["GET"]}}],"collection":[{"href":"https:\/\/www.clg-paul-langevin.ac-nice.fr\/index.php?rest_route=\/wp\/v2\/pages"}],"about":[{"href":"https:\/\/www.clg-paul-langevin.ac-nice.fr\/index.php?rest_route=\/wp\/v2\/types\/page"}],"author":[{"embeddable":true,"href":"https:\/\/www.clg-paul-langevin.ac-nice.fr\/index.php?rest_route=\/wp\/v2\/users\/1089"}],"replies":[{"embeddable":true,"href":"https:\/\/www.clg-paul-langevin.ac-nice.fr\/index.php?rest_route=%2Fwp%2Fv2%2Fcomments&post=813"}],"version-history":[{"count":1,"href":"https:\/\/www.clg-paul-langevin.ac-nice.fr\/index.php?rest_route=\/wp\/v2\/pages\/813\/revisions"}],"predecessor-version":[{"id":814,"href":"https:\/\/www.clg-paul-langevin.ac-nice.fr\/index.php?rest_route=\/wp\/v2\/pages\/813\/revisions\/814"}],"up":[{"embeddable":true,"href":"https:\/\/www.clg-paul-langevin.ac-nice.fr\/index.php?rest_route=\/wp\/v2\/pages\/639"}],"wp:attachment":[{"href":"https:\/\/www.clg-paul-langevin.ac-nice.fr\/index.php?rest_route=%2Fwp%2Fv2%2Fmedia&parent=813"}],"curies":[{"name":"wp","href":"https:\/\/api.w.org\/{rel}","templated":true}]}}