{"id":838,"date":"2023-09-05T16:03:20","date_gmt":"2023-09-05T14:03:20","guid":{"rendered":"https:\/\/www.clg-paul-langevin.ac-nice.fr\/?page_id=838"},"modified":"2025-05-27T10:37:59","modified_gmt":"2025-05-27T08:37:59","slug":"taxe-dapprentissage-2024","status":"publish","type":"page","link":"https:\/\/www.clg-paul-langevin.ac-nice.fr\/?page_id=838","title":{"rendered":"Taxe d&rsquo;apprentissage 2025"},"content":{"rendered":"<h2 class=\"field-sep\">Voici notre plaquette de pr\u00e9sentation 2025<\/h2>\n<p><strong><span style=\"color: #ff0000; font-size: 14pt;\"><em>Cliquez sur l&rsquo;image&nbsp;<\/em><\/span><\/strong><\/p>\n<p><a href=\"https:\/\/www.clg-paul-langevin.ac-nice.fr\/wp-content\/uploads\/sites\/148\/2025\/05\/PLAQUETTE-TA-LANGEVIN-MAI-2025.pdf\"><img loading=\"lazy\" decoding=\"async\" class=\"alignnone wp-image-1526\" src=\"https:\/\/www.clg-paul-langevin.ac-nice.fr\/wp-content\/uploads\/sites\/148\/2025\/05\/couverture-TA.png\" alt=\"\" width=\"406\" height=\"228\" srcset=\"https:\/\/www.clg-paul-langevin.ac-nice.fr\/wp-content\/uploads\/sites\/148\/2025\/05\/couverture-TA.png 1095w, https:\/\/www.clg-paul-langevin.ac-nice.fr\/wp-content\/uploads\/sites\/148\/2025\/05\/couverture-TA-850x478.png 850w, https:\/\/www.clg-paul-langevin.ac-nice.fr\/wp-content\/uploads\/sites\/148\/2025\/05\/couverture-TA-250x141.png 250w, https:\/\/www.clg-paul-langevin.ac-nice.fr\/wp-content\/uploads\/sites\/148\/2025\/05\/couverture-TA-768x431.png 768w\" sizes=\"auto, (max-width: 406px) 100vw, 406px\" \/><\/a><\/p>\n<h2 class=\"field-sep\">La taxe d\u2019apprentissage, pour quoi faire ?<\/h2>\n<p>Toutes les entreprises ayant des salari\u00e9s doivent verser chaque ann\u00e9e la taxe d\u2019apprentissage. Une partie de cette taxe va directement aux CFA, l\u2019autre partie (13%) est vers\u00e9e \u00e0 l\u2019\u00e9tablissement de votre choix. Vous pouvez donc aider la Segpa du coll\u00e8ge Langevin qui peut b\u00e9n\u00e9ficier&nbsp; de votre versement.<\/p>\n<p><img loading=\"lazy\" decoding=\"async\" class=\"alignnone wp-image-4596\" src=\"https:\/\/www.clg-les-breguieres.ac-nice.fr\/wp-content\/uploads\/sites\/64\/2023\/01\/Crea-taxe-33-300x151.jpg\" sizes=\"auto, (max-width: 539px) 100vw, 539px\" srcset=\"https:\/\/www.clg-les-breguieres.ac-nice.fr\/wp-content\/uploads\/sites\/64\/2023\/01\/Crea-taxe-33-300x151.jpg 300w, https:\/\/www.clg-les-breguieres.ac-nice.fr\/wp-content\/uploads\/sites\/64\/2023\/01\/Crea-taxe-33-1024x517.jpg 1024w, https:\/\/www.clg-les-breguieres.ac-nice.fr\/wp-content\/uploads\/sites\/64\/2023\/01\/Crea-taxe-33-768x388.jpg 768w, https:\/\/www.clg-les-breguieres.ac-nice.fr\/wp-content\/uploads\/sites\/64\/2023\/01\/Crea-taxe-33-1536x776.jpg 1536w, https:\/\/www.clg-les-breguieres.ac-nice.fr\/wp-content\/uploads\/sites\/64\/2023\/01\/Crea-taxe-33-922x466.jpg 922w, https:\/\/www.clg-les-breguieres.ac-nice.fr\/wp-content\/uploads\/sites\/64\/2023\/01\/Crea-taxe-33.jpg 1717w\" alt=\"\" width=\"539\" height=\"271\"><\/p>\n<p>&nbsp;<\/p>\n<p class=\"cvGsUA direction-ltr align-start para-style-title\"><strong><span class=\"OYPEnA text-decoration-none text-strikethrough-none\">La taxe professionnelle que nous r\u00e9coltons permet <\/span><span class=\"OYPEnA text-decoration-none text-strikethrough-none\">la mise en oeuvre de projets innovants<\/span><span class=\"OYPEnA text-decoration-none text-strikethrough-none\"> tout en donnant <\/span><span class=\"OYPEnA text-decoration-none text-strikethrough-none\">des conditions de travail optimales<\/span><span class=\"OYPEnA text-decoration-none text-strikethrough-none\"> \u00e0 nos \u00e9l\u00e8ves :<\/span><\/strong><\/p>\n<ul>\n<li><span class=\"OYPEnA text-decoration-none text-strikethrough-none\">Equipement des plateaux techniques<\/span><\/li>\n<li><span class=\"OYPEnA text-decoration-none text-strikethrough-none\">Mise en place de projets innovants (restaurant p\u00e9dagogique, chantiers ext\u00e9rieurs&#8230;)<\/span><\/li>\n<li><span class=\"OYPEnA text-decoration-none text-strikethrough-none\">Achat des mati\u00e8res premi\u00e8res<\/span><\/li>\n<li><span class=\"OYPEnA text-decoration-none text-strikethrough-none\">D\u00e9placement en entreprise, dans les CFA et les Lyc\u00e9es Professionnels<\/span><\/li>\n<li><span class=\"OYPEnA text-decoration-none text-strikethrough-none\">Achats des tenues professionnelles<\/span> <span class=\"OYPEnA text-decoration-none text-strikethrough-none\">&#8230;<\/span><\/li>\n<\/ul>\n<div>&nbsp;<\/div>\n<h2>Le versement de la taxe d&rsquo;apprentissage 2025<\/h2>\n<p><img loading=\"lazy\" decoding=\"async\" class=\"alignnone wp-image-1186 size-full\" src=\"https:\/\/www.clg-paul-langevin.ac-nice.fr\/wp-content\/uploads\/sites\/148\/2024\/03\/Capture-decran-2024-03-22-102715-e1745930801131.png\" alt=\"\" width=\"804\" height=\"311\" srcset=\"https:\/\/www.clg-paul-langevin.ac-nice.fr\/wp-content\/uploads\/sites\/148\/2024\/03\/Capture-decran-2024-03-22-102715-e1745930801131.png 804w, https:\/\/www.clg-paul-langevin.ac-nice.fr\/wp-content\/uploads\/sites\/148\/2024\/03\/Capture-decran-2024-03-22-102715-e1745930801131-768x297.png 768w\" sizes=\"auto, (max-width: 804px) 100vw, 804px\" \/><\/p>\n<h2>Les \u00e9tapes et le calendrier<\/h2>\n<p class=\"cvGsUA direction-ltr align-start para-style-body\"><strong><span class=\"OYPEnA font-feature-liga-off font-feature-clig-off font-feature-calt-off text-decoration-underline text-strikethrough-none\">Ouverture de la plateforme<\/span><\/strong><\/p>\n<ul>\n<li><strong><span class=\"OYPEnA font-feature-liga-off font-feature-clig-off font-feature-calt-off text-decoration-none text-strikethrough-none\">Fin mai 2025<\/span><span class=\"OYPEnA font-feature-liga-off font-feature-clig-off font-feature-calt-off text-decoration-none text-strikethrough-none\"> :<\/span> <span class=\"OYPEnA font-feature-liga-off font-feature-clig-off font-feature-calt-off text-decoration-none text-strikethrough-none\">Ouverture de SOLT\u00e9A aux employeurs<\/span><\/strong><\/li>\n<\/ul>\n<p class=\"cvGsUA direction-ltr align-start para-style-body\"><strong><span class=\"OYPEnA font-feature-liga-off font-feature-clig-off font-feature-calt-off text-decoration-underline text-strikethrough-none\">1\u00e8re p\u00e9riode de r\u00e9partition<\/span><\/strong><\/p>\n<ul>\n<li><strong><span class=\"OYPEnA font-feature-liga-off font-feature-clig-off font-feature-calt-off text-decoration-none text-strikethrough-none\">Fin Ao\u00fbt 2025<\/span><span class=\"OYPEnA font-feature-liga-off font-feature-clig-off font-feature-calt-off text-decoration-none text-strikethrough-none\"> : Cl\u00f4ture de la 1\u00e8re p\u00e9riode de r\u00e9partition<\/span><\/strong><\/li>\n<\/ul>\n<p class=\"cvGsUA direction-ltr align-start para-style-body\"><strong><span class=\"OYPEnA font-feature-liga-off font-feature-clig-off font-feature-calt-off text-decoration-underline text-strikethrough-none\">2\u00e8me p\u00e9riode de r\u00e9partition<\/span><\/strong><\/p>\n<ul>\n<li><strong><span class=\"OYPEnA font-feature-liga-off font-feature-clig-off font-feature-calt-off text-decoration-none text-strikethrough-none\">D\u00e9but Septembre 2025<\/span><span class=\"OYPEnA font-feature-liga-off font-feature-clig-off font-feature-calt-off text-decoration-none text-strikethrough-none\"> : D\u00e9but de la 2\u00e8me p\u00e9riode de r\u00e9partition<\/span><\/strong><\/li>\n<li><strong><span class=\"OYPEnA font-feature-liga-off font-feature-clig-off font-feature-calt-off text-decoration-none text-strikethrough-none\">Fin Octobre 2025<\/span><span class=\"OYPEnA font-feature-liga-off font-feature-clig-off font-feature-calt-off text-decoration-none text-strikethrough-none\"> : Cl\u00f4ture de la campagne de r\u00e9partition sur SOLT\u00e9A<\/span><\/strong><\/li>\n<\/ul>\n<h2>La plateforme Solt\u00e9a : Mode d&#8217;emploi<\/h2>\n<p class=\"cvGsUA direction-ltr align-justify para-style-title\"><strong><span class=\"OYPEnA text-decoration-none text-strikethrough-none\">1 : Acc\u00e9der \u00e0 la<\/span><span class=\"OYPEnA text-decoration-none text-strikethrough-none\"> plateforme SOLT\u00e9A<\/span><\/strong><\/p>\n<p class=\"cvGsUA direction-ltr align-justify para-style-title\"><strong><span class=\"OYPEnA text-decoration-none text-strikethrough-none\">2 : Connectez-vous \u00e0 votre espace priv\u00e9 en tant que<\/span> <span class=\"OYPEnA text-decoration-none text-strikethrough-none\">: <\/span><span class=\"OYPEnA text-decoration-none text-strikethrough-none\">\u00ab entreprise assujettie \u00bb<\/span><span class=\"OYPEnA text-decoration-none text-strikethrough-none\">. <\/span><\/strong><strong><span class=\"OYPEnA text-decoration-none text-strikethrough-none\">Vous acc\u00e9dez ensuite au moteur de recherche<\/span><\/strong><\/p>\n<p class=\"cvGsUA direction-ltr align-justify para-style-title\"><strong><span class=\"OYPEnA text-decoration-none text-strikethrough-none\">3 : Renseigner<\/span><span class=\"OYPEnA text-decoration-none text-strikethrough-none\"> Segpa du Coll\u00e8ge Langevin<\/span> ou RNE :&nbsp; 0061336V ou Siret : 190 611 301 00010 <span class=\"OYPEnA text-decoration-none text-strikethrough-none\">dans la barre de recherche<\/span><\/strong><\/p>\n<p class=\"cvGsUA direction-ltr align-justify para-style-title\"><strong><span class=\"OYPEnA text-decoration-none text-strikethrough-none\">4 : <\/span><span class=\"OYPEnA text-decoration-none text-strikethrough-none\">L\u2019URSSAF et la Caisse des d\u00e9p\u00f4ts et Consignations feront le n\u00e9cessaire pour pr\u00e9lever, <\/span><\/strong><strong><span class=\"OYPEnA text-decoration-none text-strikethrough-none\">r\u00e9partir et reverser les fonds vers\u00e9s au coll\u00e8ge<\/span><span class=\"OYPEnA text-decoration-none text-strikethrough-none\"> \u00e0 partir de votre d\u00e9claration du solde de <\/span><\/strong><strong><span class=\"OYPEnA text-decoration-none text-strikethrough-none\">la taxe d\u2019apprentissage via la DSN (d\u00e9claration sociale nominative) du mois d\u2019Avril 2025.<\/span><\/strong><\/p>\n<p>&nbsp; &nbsp; &nbsp; &nbsp; &nbsp; &nbsp; &nbsp; &nbsp; &nbsp; &nbsp; &nbsp; &nbsp; &nbsp; &nbsp; &nbsp; &nbsp; &nbsp; &nbsp; &nbsp; &nbsp; &nbsp; &nbsp; &nbsp; &nbsp; &nbsp; &nbsp; &nbsp; &nbsp; &nbsp; &nbsp; &nbsp; &nbsp; &nbsp; &nbsp; &nbsp; &nbsp; &nbsp; &nbsp; &nbsp; &nbsp; &nbsp; &nbsp; &nbsp; &nbsp; &nbsp; &nbsp; &nbsp; &nbsp; &nbsp; &nbsp; &nbsp; &nbsp; &nbsp; &nbsp; &nbsp; &nbsp; &nbsp; &nbsp; &nbsp; &nbsp; &nbsp; &nbsp; &nbsp; &nbsp; &nbsp; &nbsp; &nbsp; &nbsp; &nbsp; &nbsp; &nbsp; &nbsp; &nbsp; &nbsp; &nbsp; &nbsp; &nbsp; &nbsp; &nbsp; &nbsp; &nbsp; &nbsp; &nbsp; &nbsp; &nbsp; &nbsp; &nbsp; &nbsp; &nbsp; &nbsp; &nbsp; &nbsp; &nbsp; &nbsp; &nbsp; &nbsp; &nbsp; &nbsp; &nbsp; &nbsp; &nbsp; &nbsp; &nbsp; &nbsp; &nbsp; &nbsp; &nbsp; &nbsp; &nbsp; &nbsp; &nbsp; &nbsp; &nbsp; &nbsp; &nbsp; &nbsp; &nbsp; &nbsp; &nbsp; &nbsp; &nbsp; &nbsp; &nbsp; &nbsp; &nbsp; &nbsp; &nbsp; &nbsp; &nbsp; &nbsp; &nbsp; &nbsp; &nbsp; &nbsp; &nbsp; &nbsp; &nbsp; &nbsp; &nbsp; &nbsp; &nbsp; &nbsp; &nbsp; &nbsp; &nbsp; &nbsp; &nbsp; &nbsp; &nbsp; &nbsp; &nbsp; &nbsp; &nbsp; &nbsp; &nbsp;<\/p>\n<p>&nbsp;<\/p>\n","protected":false},"excerpt":{"rendered":"<p>Voici notre plaquette de pr\u00e9sentation 2025 Cliquez sur l&rsquo;image&nbsp; La taxe d\u2019apprentissage, pour quoi faire ? Toutes les entreprises ayant<\/p>\n","protected":false},"author":635,"featured_media":0,"parent":0,"menu_order":0,"comment_status":"closed","ping_status":"closed","template":"","meta":{"colormag_page_container_layout":"default_layout","colormag_page_sidebar_layout":"default_layout","ngg_post_thumbnail":0,"footnotes":""},"class_list":["post-838","page","type-page","status-publish","hentry"],"_links":{"self":[{"href":"https:\/\/www.clg-paul-langevin.ac-nice.fr\/index.php?rest_route=\/wp\/v2\/pages\/838","targetHints":{"allow":["GET"]}}],"collection":[{"href":"https:\/\/www.clg-paul-langevin.ac-nice.fr\/index.php?rest_route=\/wp\/v2\/pages"}],"about":[{"href":"https:\/\/www.clg-paul-langevin.ac-nice.fr\/index.php?rest_route=\/wp\/v2\/types\/page"}],"author":[{"embeddable":true,"href":"https:\/\/www.clg-paul-langevin.ac-nice.fr\/index.php?rest_route=\/wp\/v2\/users\/635"}],"replies":[{"embeddable":true,"href":"https:\/\/www.clg-paul-langevin.ac-nice.fr\/index.php?rest_route=%2Fwp%2Fv2%2Fcomments&post=838"}],"version-history":[{"count":14,"href":"https:\/\/www.clg-paul-langevin.ac-nice.fr\/index.php?rest_route=\/wp\/v2\/pages\/838\/revisions"}],"predecessor-version":[{"id":1529,"href":"https:\/\/www.clg-paul-langevin.ac-nice.fr\/index.php?rest_route=\/wp\/v2\/pages\/838\/revisions\/1529"}],"wp:attachment":[{"href":"https:\/\/www.clg-paul-langevin.ac-nice.fr\/index.php?rest_route=%2Fwp%2Fv2%2Fmedia&parent=838"}],"curies":[{"name":"wp","href":"https:\/\/api.w.org\/{rel}","templated":true}]}}