{"id":840,"date":"2023-09-05T16:03:49","date_gmt":"2023-09-05T14:03:49","guid":{"rendered":"https:\/\/www.clg-paul-langevin.ac-nice.fr\/?page_id=840"},"modified":"2026-01-16T15:56:55","modified_gmt":"2026-01-16T14:56:55","slug":"stages-et-conventions","status":"publish","type":"page","link":"https:\/\/www.clg-paul-langevin.ac-nice.fr\/?page_id=840","title":{"rendered":"Stages et Conventions"},"content":{"rendered":"<p>Les \u00e9l\u00e8ves des classes de 4\u00e8me et 3\u00e8me Segpa ont la possibilit\u00e9 d&rsquo;effectuer un volume total de 8 semaines de stage sur l&rsquo;ensemble des deux ann\u00e9es.<\/p>\n<p>Voici les conventions de stage pour l&rsquo;ann\u00e9e 2025.2026 :<\/p>\n<p><a href=\"https:\/\/www.clg-paul-langevin.ac-nice.fr\/wp-content\/uploads\/sites\/148\/2026\/01\/convention-de-stage-3eme-STAGE-2.pdf\">STAGE 3EME SEGPA du 09\/03\/26&nbsp; au&nbsp; 21\/03\/26&nbsp; : CLIQUEZ ICI<\/a><\/p>\n<p><a href=\"https:\/\/www.clg-paul-langevin.ac-nice.fr\/wp-content\/uploads\/sites\/148\/2025\/09\/convention-de-stage-4eme-STAGE-1.pdf\">STAGE 4EME SEGPA du 26\/01\/26&nbsp; au&nbsp; 31\/01\/26&nbsp; : CLIQUEZ ICI<\/a><\/p>\n<p>&nbsp;<\/p>\n","protected":false},"excerpt":{"rendered":"<p>Les \u00e9l\u00e8ves des classes de 4\u00e8me et 3\u00e8me Segpa ont la possibilit\u00e9 d&rsquo;effectuer un volume total de 8 semaines de<\/p>\n","protected":false},"author":635,"featured_media":0,"parent":0,"menu_order":0,"comment_status":"closed","ping_status":"closed","template":"","meta":{"colormag_page_container_layout":"default_layout","colormag_page_sidebar_layout":"default_layout","ngg_post_thumbnail":0,"footnotes":""},"class_list":["post-840","page","type-page","status-publish","hentry"],"_links":{"self":[{"href":"https:\/\/www.clg-paul-langevin.ac-nice.fr\/index.php?rest_route=\/wp\/v2\/pages\/840","targetHints":{"allow":["GET"]}}],"collection":[{"href":"https:\/\/www.clg-paul-langevin.ac-nice.fr\/index.php?rest_route=\/wp\/v2\/pages"}],"about":[{"href":"https:\/\/www.clg-paul-langevin.ac-nice.fr\/index.php?rest_route=\/wp\/v2\/types\/page"}],"author":[{"embeddable":true,"href":"https:\/\/www.clg-paul-langevin.ac-nice.fr\/index.php?rest_route=\/wp\/v2\/users\/635"}],"replies":[{"embeddable":true,"href":"https:\/\/www.clg-paul-langevin.ac-nice.fr\/index.php?rest_route=%2Fwp%2Fv2%2Fcomments&post=840"}],"version-history":[{"count":20,"href":"https:\/\/www.clg-paul-langevin.ac-nice.fr\/index.php?rest_route=\/wp\/v2\/pages\/840\/revisions"}],"predecessor-version":[{"id":1627,"href":"https:\/\/www.clg-paul-langevin.ac-nice.fr\/index.php?rest_route=\/wp\/v2\/pages\/840\/revisions\/1627"}],"wp:attachment":[{"href":"https:\/\/www.clg-paul-langevin.ac-nice.fr\/index.php?rest_route=%2Fwp%2Fv2%2Fmedia&parent=840"}],"curies":[{"name":"wp","href":"https:\/\/api.w.org\/{rel}","templated":true}]}}