{"id":904,"date":"2023-09-26T16:49:23","date_gmt":"2023-09-26T14:49:23","guid":{"rendered":"https:\/\/www.clg-paul-langevin.ac-nice.fr\/?page_id=904"},"modified":"2025-04-29T14:38:00","modified_gmt":"2025-04-29T12:38:00","slug":"presentation","status":"publish","type":"page","link":"https:\/\/www.clg-paul-langevin.ac-nice.fr\/?page_id=904","title":{"rendered":"Pr\u00e9sentation"},"content":{"rendered":"<h1 class=\"post-title entry-title\">SEGPA<\/h1>\n<div class=\"entry-content clearfix\">\n<p>Une classe&nbsp;<abbr title=\"Segpa&nbsp;:&nbsp;Section d'enseignement g\u00e9n\u00e9ral et professionnel adapt\u00e9\" data-acronyme=\"R52210\">Segpa<\/abbr>&nbsp;accueille les jeunes de la 6<sup>e<\/sup>&nbsp;\u00e0 la 3<sup>e<\/sup>&nbsp;pr\u00e9sentant des difficult\u00e9s scolaires importantes qui n\u2019ont pas pu \u00eatre r\u00e9solues par des actions d\u2019aide scolaire et de soutien. Int\u00e9gr\u00e9e dans un coll\u00e8ge, la classe regroupe un petit groupe d\u2019\u00e9l\u00e8ves (16 au plus) pour individualiser le parcours de chacun. La Segpa a pour ambition de mener les \u00e9l\u00e8ves \u00e0 une qualification dipl\u00f4mante et \u00e0 la poursuite de leurs \u00e9tudes.<\/p>\n<p>Pendant sa scolarit\u00e9, le jeune pourra b\u00e9n\u00e9ficier d\u2019un Enseignement Professionnel et sera amen\u00e9 \u00e0 r\u00e9aliser&nbsp;<strong>des stages en entreprise (en 4<sup>e<\/sup>&nbsp;et en 3<sup>e<\/sup>).<\/strong><\/p>\n<p>L\u2019\u00e9l\u00e8ve, en fin de scolarit\u00e9 au coll\u00e8ge, pr\u00e9sente le certificat de formation g\u00e9n\u00e9rale (CFG) ou le dipl\u00f4me national du brevet Professionnel (DNB Pro) .<\/p>\n<p>Apr\u00e8s sa classe de 3<sup>e<\/sup>, l\u2019\u00e9l\u00e8ve doit pouvoir acc\u00e9der \u00e0 une formation, au minimum du niveau d\u2019un certificat d\u2019aptitude professionnelle (CAP).<\/p>\n<p>Il peut ainsi poursuivre sa formation en lyc\u00e9e professionnel ou en centre de formation d\u2019apprentis (CFA).<\/p>\n<p><strong>Le coll\u00e8ge Langevin dispose de deux ateliers professionnels :<\/strong><\/p>\n<p>Hygi\u00e8ne Alimentation Services&nbsp; et Espace Rural Environnement<\/p>\n<p><strong>L\u2019orientation apr\u00e8s la SEGPA<\/strong><\/p>\n<p><strong>Voici les diff\u00e9rents parcours possibles apr\u00e8s une classe de 3\u00e8me SEGPA<\/strong><\/p>\n<p><img loading=\"lazy\" decoding=\"async\" class=\"alignnone wp-image-4278\" src=\"https:\/\/www.clg-les-breguieres.ac-nice.fr\/wp-content\/uploads\/sites\/64\/2022\/09\/Apres-la-3SEGPA-300x200.png\" sizes=\"auto, (max-width: 754px) 100vw, 754px\" srcset=\"https:\/\/www.clg-les-breguieres.ac-nice.fr\/wp-content\/uploads\/sites\/64\/2022\/09\/Apres-la-3SEGPA-300x200.png 300w, https:\/\/www.clg-les-breguieres.ac-nice.fr\/wp-content\/uploads\/sites\/64\/2022\/09\/Apres-la-3SEGPA.png 765w\" alt=\"\" width=\"754\" height=\"502\"><\/p>\n<p>&nbsp;<\/p>\n<p>&nbsp;<\/p>\n<\/div>\n","protected":false},"excerpt":{"rendered":"<p>SEGPA Une classe&nbsp;Segpa&nbsp;accueille les jeunes de la 6e&nbsp;\u00e0 la 3e&nbsp;pr\u00e9sentant des difficult\u00e9s scolaires importantes qui n\u2019ont pas pu \u00eatre r\u00e9solues<\/p>\n","protected":false},"author":635,"featured_media":0,"parent":0,"menu_order":0,"comment_status":"closed","ping_status":"closed","template":"","meta":{"colormag_page_container_layout":"default_layout","colormag_page_sidebar_layout":"default_layout","ngg_post_thumbnail":0,"footnotes":""},"class_list":["post-904","page","type-page","status-publish","hentry"],"_links":{"self":[{"href":"https:\/\/www.clg-paul-langevin.ac-nice.fr\/index.php?rest_route=\/wp\/v2\/pages\/904","targetHints":{"allow":["GET"]}}],"collection":[{"href":"https:\/\/www.clg-paul-langevin.ac-nice.fr\/index.php?rest_route=\/wp\/v2\/pages"}],"about":[{"href":"https:\/\/www.clg-paul-langevin.ac-nice.fr\/index.php?rest_route=\/wp\/v2\/types\/page"}],"author":[{"embeddable":true,"href":"https:\/\/www.clg-paul-langevin.ac-nice.fr\/index.php?rest_route=\/wp\/v2\/users\/635"}],"replies":[{"embeddable":true,"href":"https:\/\/www.clg-paul-langevin.ac-nice.fr\/index.php?rest_route=%2Fwp%2Fv2%2Fcomments&post=904"}],"version-history":[{"count":11,"href":"https:\/\/www.clg-paul-langevin.ac-nice.fr\/index.php?rest_route=\/wp\/v2\/pages\/904\/revisions"}],"predecessor-version":[{"id":1520,"href":"https:\/\/www.clg-paul-langevin.ac-nice.fr\/index.php?rest_route=\/wp\/v2\/pages\/904\/revisions\/1520"}],"wp:attachment":[{"href":"https:\/\/www.clg-paul-langevin.ac-nice.fr\/index.php?rest_route=%2Fwp%2Fv2%2Fmedia&parent=904"}],"curies":[{"name":"wp","href":"https:\/\/api.w.org\/{rel}","templated":true}]}}