{"id":97,"date":"2022-06-06T14:41:02","date_gmt":"2022-06-06T12:41:02","guid":{"rendered":"https:\/\/www.clg-paul-langevin.ac-nice.fr\/?page_id=97"},"modified":"2023-06-22T15:52:20","modified_gmt":"2023-06-22T13:52:20","slug":"contact","status":"publish","type":"page","link":"https:\/\/www.clg-paul-langevin.ac-nice.fr\/?page_id=97","title":{"rendered":"Contact"},"content":{"rendered":"<p style=\"text-align: left;\">&nbsp;<\/p>\n<p><span style=\"font-family: georgia, palatino, serif;\"><strong style=\"font-size: 24px;\"><img loading=\"lazy\" decoding=\"async\" class=\"wp-image-138 alignright\" src=\"https:\/\/www.clg-paul-langevin.ac-nice.fr\/wp-content\/uploads\/sites\/148\/2022\/06\/communication-g543b26c74_640-300x188.png\" alt=\"\" width=\"191\" height=\"120\" srcset=\"https:\/\/www.clg-paul-langevin.ac-nice.fr\/wp-content\/uploads\/sites\/148\/2022\/06\/communication-g543b26c74_640-300x188.png 300w, https:\/\/www.clg-paul-langevin.ac-nice.fr\/wp-content\/uploads\/sites\/148\/2022\/06\/communication-g543b26c74_640.png 640w\" sizes=\"auto, (max-width: 191px) 100vw, 191px\" \/><\/strong><\/span><\/p>\n<p style=\"text-align: left;\"><span style=\"font-family: arial, helvetica, sans-serif;\"><span style=\"color: #333333;\"><span style=\"text-decoration: underline;\">Par Agora06<\/span> :<\/span>&nbsp; &nbsp;(si votre enfant est scolaris\u00e9 au coll\u00e8ge)<\/span><\/p>\n<ul>\n<li><span style=\"font-family: arial, helvetica, sans-serif;\">pour les absences, les retards, les autorisations de sortie<\/span><\/li>\n<li style=\"text-align: left;\"><span style=\"font-family: arial, helvetica, sans-serif;\">pour la demi-pension, la bourse, le pr\u00eat de mat\u00e9riel ou autres demandes d&rsquo;aides financi\u00e8res<\/span><\/li>\n<li><span style=\"font-family: arial, helvetica, sans-serif;\">pour toutes demandes en rapport avec la scolarit\u00e9 de votre enfant.<\/span><\/li>\n<\/ul>\n<p>&nbsp;<\/p>\n<p><span style=\"font-family: arial, helvetica, sans-serif;\"><span style=\"text-decoration: underline;\">Par mail ou Educonnect :<\/span> :<\/span><\/p>\n<ul>\n<li><span style=\"font-family: arial, helvetica, sans-serif;\">pour la demande de bulletins scolaires ant\u00e9rieurs \u00e0 l&rsquo;ann\u00e9e en cours : <strong><a href=\"https:\/\/educonnect.education.gouv.fr\/\">Educonnect<\/a><\/strong><\/span><\/li>\n<li>Pour demande d&rsquo;ASSR, certificat de scolarit\u00e9 ant\u00e9rieur \u00e0 l&rsquo;ann\u00e9e en cours : <strong style=\"font-family: arial, helvetica, sans-serif;\"><a href=\"mailto:scolarite.0061130w@ac-nice.fr\">scolarite.0061130w@ac-nice.fr<\/a><\/strong><\/li>\n<\/ul>\n<ul>\n<li><span style=\"font-family: arial, helvetica, sans-serif;\">pour toute demande de renseignements \u00e0 l&rsquo;attention de la direction ou des agents de l&rsquo;\u00e9tablissement :&nbsp;<\/span><strong style=\"font-family: arial, helvetica, sans-serif;\"><a href=\"mailto:secretariat.langevin06@ac-nice.fr\">secretariat.langevin06@ac-nice.fr<\/a><\/strong><\/li>\n<\/ul>\n<p>&nbsp;<\/p>\n<p><span style=\"font-family: arial, helvetica, sans-serif;\"><span style=\"color: #333333;\"><span style=\"text-decoration: underline;\">Par t\u00e9l\u00e9phone<\/span> :&nbsp; &nbsp; &nbsp;<\/span> <strong>04.92.08.20.70&nbsp; <\/strong><\/span><span style=\"color: #000000;\"><span style=\"font-family: arial, helvetica, sans-serif; font-size: 10pt;\">et demander le service (<strong><em>Vie scolaire<\/em><\/strong>,<em style=\"font-weight: bold;\"> Intendance ou<\/em>&nbsp;<em><strong>Secr\u00e9tariat) <\/strong><\/em><\/span><span style=\"font-family: arial, helvetica, sans-serif; font-size: 10pt;\">ou <\/span><span style=\"font-family: arial, helvetica, sans-serif; font-size: 10pt;\">la personne souhait\u00e9e.<\/span><\/span><\/p>\n<p>&nbsp;<\/p>\n<p><span style=\"font-family: arial, helvetica, sans-serif;\"><span style=\"color: #333333;\"><span style=\"text-decoration: underline;\">Par courrier<\/span> :<\/span>&nbsp; &nbsp; &nbsp; &nbsp; &nbsp; <strong>CLG<\/strong> <strong>Paul LANGEVIN &#8211; 11 Bd de la Colle Belle &#8211; <\/strong><\/span><span style=\"font-family: arial, helvetica, sans-serif;\"><strong>06510 Carros<\/strong><\/span><\/p>\n<p>&nbsp;<\/p>\n<p><a href=\"https:\/\/fr.mappy.com\/poi\/50accd2584aedc8b8a0a282c\" rel=\"attachment wp-att-722\"><img loading=\"lazy\" decoding=\"async\" class=\"wp-image-722 aligncenter\" src=\"https:\/\/www.clg-paul-langevin.ac-nice.fr\/wp-content\/uploads\/sites\/148\/2023\/06\/2023-06-22-15_42_41-college-paul-langevin-carros-site_ac-nice.fr-Google-Maps.jpg\" alt=\"\" width=\"733\" height=\"474\" srcset=\"https:\/\/www.clg-paul-langevin.ac-nice.fr\/wp-content\/uploads\/sites\/148\/2023\/06\/2023-06-22-15_42_41-college-paul-langevin-carros-site_ac-nice.fr-Google-Maps.jpg 1198w, https:\/\/www.clg-paul-langevin.ac-nice.fr\/wp-content\/uploads\/sites\/148\/2023\/06\/2023-06-22-15_42_41-college-paul-langevin-carros-site_ac-nice.fr-Google-Maps-768x497.jpg 768w\" sizes=\"auto, (max-width: 733px) 100vw, 733px\" \/><\/a><\/p>\n<p style=\"padding-left: 80px;\">&nbsp;<\/p>\n<p>&nbsp;<\/p>\n","protected":false},"excerpt":{"rendered":"<p>&nbsp; Par Agora06 :&nbsp; &nbsp;(si votre enfant est scolaris\u00e9 au coll\u00e8ge) pour les absences, les retards, les autorisations de sortie<\/p>\n","protected":false},"author":1089,"featured_media":0,"parent":0,"menu_order":0,"comment_status":"closed","ping_status":"closed","template":"","meta":{"colormag_page_container_layout":"no_sidebar_content_centered","colormag_page_sidebar_layout":"no_sidebar","ngg_post_thumbnail":0,"footnotes":""},"class_list":["post-97","page","type-page","status-publish","hentry"],"_links":{"self":[{"href":"https:\/\/www.clg-paul-langevin.ac-nice.fr\/index.php?rest_route=\/wp\/v2\/pages\/97","targetHints":{"allow":["GET"]}}],"collection":[{"href":"https:\/\/www.clg-paul-langevin.ac-nice.fr\/index.php?rest_route=\/wp\/v2\/pages"}],"about":[{"href":"https:\/\/www.clg-paul-langevin.ac-nice.fr\/index.php?rest_route=\/wp\/v2\/types\/page"}],"author":[{"embeddable":true,"href":"https:\/\/www.clg-paul-langevin.ac-nice.fr\/index.php?rest_route=\/wp\/v2\/users\/1089"}],"replies":[{"embeddable":true,"href":"https:\/\/www.clg-paul-langevin.ac-nice.fr\/index.php?rest_route=%2Fwp%2Fv2%2Fcomments&post=97"}],"version-history":[{"count":25,"href":"https:\/\/www.clg-paul-langevin.ac-nice.fr\/index.php?rest_route=\/wp\/v2\/pages\/97\/revisions"}],"predecessor-version":[{"id":723,"href":"https:\/\/www.clg-paul-langevin.ac-nice.fr\/index.php?rest_route=\/wp\/v2\/pages\/97\/revisions\/723"}],"wp:attachment":[{"href":"https:\/\/www.clg-paul-langevin.ac-nice.fr\/index.php?rest_route=%2Fwp%2Fv2%2Fmedia&parent=97"}],"curies":[{"name":"wp","href":"https:\/\/api.w.org\/{rel}","templated":true}]}}